{"id":3579,"date":"2021-06-04T15:20:05","date_gmt":"2021-06-04T13:20:05","guid":{"rendered":"https:\/\/mebelunams.lv\/?post_type=product&#038;p=3579"},"modified":"2026-01-05T18:06:32","modified_gmt":"2026-01-05T16:06:32","slug":"plaukts-gramatam","status":"publish","type":"product","link":"https:\/\/mebelunams.lv\/?product=plaukts-gramatam","title":{"rendered":"plaukts gr\u0101mat\u0101m"},"content":{"rendered":"","protected":false},"excerpt":{"rendered":"<table class=\"listing\">\n<tbody>\n<tr>\n<td valign=\"top\"><strong>Augstums:<\/strong><\/td>\n<td>240 cm<\/td>\n<\/tr>\n<tr>\n<td valign=\"top\"><strong>Platums:<\/strong><\/td>\n<td>80 cm<\/td>\n<\/tr>\n<tr>\n<td valign=\"top\"><strong>Dzi\u013cums:<\/strong><\/td>\n<td>49 cm (apak\u0161\u0113jais skap\u012btis )<\/td>\n<\/tr>\n<\/tbody>\n<\/table>\n<p>&nbsp;<\/p>\n<p>Izgatavots no mas\u012bvkoka ( melnalk\u0161\u0146a)<\/p>\n<p>Ra\u017eots Latvij\u0101!<\/p>\n<p>iesp\u0113ja pas\u016bt\u012bt cit\u0101s kr\u0101s\u0101s:<\/p>\n<p>&nbsp;<\/p>\n<p>rieksta tonis +15%<\/p>\n<p>piena tonis +20%<\/p>\n<p>mahagona tonis +30%<\/p>\n","protected":false},"featured_media":3581,"template":"","meta":{"neve_meta_sidebar":"","neve_meta_container":"","neve_meta_enable_content_width":"off","neve_meta_content_width":70,"neve_meta_title_alignment":"","neve_meta_author_avatar":"","neve_post_elements_order":"","neve_meta_disable_header":"","neve_meta_disable_footer":"","neve_meta_disable_title":""},"product_cat":[19],"product_tag":[],"_links":{"self":[{"href":"https:\/\/mebelunams.lv\/index.php?rest_route=\/wp\/v2\/product\/3579"}],"collection":[{"href":"https:\/\/mebelunams.lv\/index.php?rest_route=\/wp\/v2\/product"}],"about":[{"href":"https:\/\/mebelunams.lv\/index.php?rest_route=\/wp\/v2\/types\/product"}],"wp:featuredmedia":[{"embeddable":true,"href":"https:\/\/mebelunams.lv\/index.php?rest_route=\/wp\/v2\/media\/3581"}],"wp:attachment":[{"href":"https:\/\/mebelunams.lv\/index.php?rest_route=%2Fwp%2Fv2%2Fmedia&parent=3579"}],"wp:term":[{"taxonomy":"product_cat","embeddable":true,"href":"https:\/\/mebelunams.lv\/index.php?rest_route=%2Fwp%2Fv2%2Fproduct_cat&post=3579"},{"taxonomy":"product_tag","embeddable":true,"href":"https:\/\/mebelunams.lv\/index.php?rest_route=%2Fwp%2Fv2%2Fproduct_tag&post=3579"}],"curies":[{"name":"wp","href":"https:\/\/api.w.org\/{rel}","templated":true}]}}