{"id":324,"date":"2020-08-23T14:46:58","date_gmt":"2020-08-23T12:46:58","guid":{"rendered":"http:\/\/mebelunams.lv\/?post_type=product&#038;p=324"},"modified":"2023-06-05T14:52:50","modified_gmt":"2023-06-05T12:52:50","slug":"tahta-estere-80-x-200-cm","status":"publish","type":"product","link":"https:\/\/mebelunams.lv\/?product=tahta-estere-80-x-200-cm","title":{"rendered":"tahta Estere 80 x 200 cm"},"content":{"rendered":"","protected":false},"excerpt":{"rendered":"<p><strong>Tahta ar pace\u013camu matraci.<br \/>\n<\/strong><\/p>\n<p><strong>Augstums:<\/strong>\u00a082 cm (no gr\u012bdas l\u012bdz atzveltnes aug\u0161ai)<br \/>\n<strong>Matra\u010da augstums:<\/strong>\u00a046 cm (no gr\u012bdas l\u012bdz matra\u010da aug\u0161ai)<br \/>\n<strong>Platums:<\/strong>\u00a0202 cm<br \/>\n<strong>Dzi\u013cums:<\/strong>\u00a082 cm<br \/>\n<strong>Gu\u013cam\u0101 plat\u012bba:<\/strong>\u00a080&#215;200 cm<br \/>\n<strong>Korpuss:<\/strong>\u00a0lamin\u0101ts<br \/>\n<strong>Matracis:<\/strong>\u00a0atsperes + porolons<br \/>\n<strong>Pacel\u0161anas meh\u0101nisms:<\/strong>\u00a0atsperu<\/p>\n<p>Audumus un kr\u0101sas iesp\u0113jams saska\u0146ot ar p\u0101rdev\u0113ju.<\/p>\n","protected":false},"featured_media":6576,"template":"","meta":{"neve_meta_sidebar":"","neve_meta_container":"","neve_meta_enable_content_width":"off","neve_meta_content_width":70,"neve_meta_title_alignment":"","neve_meta_author_avatar":"","neve_post_elements_order":"","neve_meta_disable_header":"","neve_meta_disable_footer":"","neve_meta_disable_title":""},"product_cat":[59],"product_tag":[],"_links":{"self":[{"href":"https:\/\/mebelunams.lv\/index.php?rest_route=\/wp\/v2\/product\/324"}],"collection":[{"href":"https:\/\/mebelunams.lv\/index.php?rest_route=\/wp\/v2\/product"}],"about":[{"href":"https:\/\/mebelunams.lv\/index.php?rest_route=\/wp\/v2\/types\/product"}],"wp:featuredmedia":[{"embeddable":true,"href":"https:\/\/mebelunams.lv\/index.php?rest_route=\/wp\/v2\/media\/6576"}],"wp:attachment":[{"href":"https:\/\/mebelunams.lv\/index.php?rest_route=%2Fwp%2Fv2%2Fmedia&parent=324"}],"wp:term":[{"taxonomy":"product_cat","embeddable":true,"href":"https:\/\/mebelunams.lv\/index.php?rest_route=%2Fwp%2Fv2%2Fproduct_cat&post=324"},{"taxonomy":"product_tag","embeddable":true,"href":"https:\/\/mebelunams.lv\/index.php?rest_route=%2Fwp%2Fv2%2Fproduct_tag&post=324"}],"curies":[{"name":"wp","href":"https:\/\/api.w.org\/{rel}","templated":true}]}}