{"id":3082,"date":"2021-06-03T18:43:18","date_gmt":"2021-06-03T16:43:18","guid":{"rendered":"https:\/\/mebelunams.lv\/?post_type=product&#038;p=3082"},"modified":"2022-05-24T10:30:20","modified_gmt":"2022-05-24T08:30:20","slug":"pufs-candella","status":"publish","type":"product","link":"https:\/\/mebelunams.lv\/?product=pufs-candella","title":{"rendered":"pufs Candella"},"content":{"rendered":"","protected":false},"excerpt":{"rendered":"<p>Izm\u0113rs: 43 x 33 cm<br \/>\nAugstums: 42 cm<br \/>\nIeb\u016bv\u0113ta kaste.<br \/>\nDa\u017e\u0101di audumi pieejami pas\u016btot.<\/p>\n","protected":false},"featured_media":3085,"template":"","meta":{"neve_meta_sidebar":"","neve_meta_container":"","neve_meta_enable_content_width":"off","neve_meta_content_width":70,"neve_meta_title_alignment":"","neve_meta_author_avatar":"","neve_post_elements_order":"","neve_meta_disable_header":"","neve_meta_disable_footer":"","neve_meta_disable_title":""},"product_cat":[90],"product_tag":[],"_links":{"self":[{"href":"https:\/\/mebelunams.lv\/index.php?rest_route=\/wp\/v2\/product\/3082"}],"collection":[{"href":"https:\/\/mebelunams.lv\/index.php?rest_route=\/wp\/v2\/product"}],"about":[{"href":"https:\/\/mebelunams.lv\/index.php?rest_route=\/wp\/v2\/types\/product"}],"wp:featuredmedia":[{"embeddable":true,"href":"https:\/\/mebelunams.lv\/index.php?rest_route=\/wp\/v2\/media\/3085"}],"wp:attachment":[{"href":"https:\/\/mebelunams.lv\/index.php?rest_route=%2Fwp%2Fv2%2Fmedia&parent=3082"}],"wp:term":[{"taxonomy":"product_cat","embeddable":true,"href":"https:\/\/mebelunams.lv\/index.php?rest_route=%2Fwp%2Fv2%2Fproduct_cat&post=3082"},{"taxonomy":"product_tag","embeddable":true,"href":"https:\/\/mebelunams.lv\/index.php?rest_route=%2Fwp%2Fv2%2Fproduct_tag&post=3082"}],"curies":[{"name":"wp","href":"https:\/\/api.w.org\/{rel}","templated":true}]}}