{"id":302,"date":"2020-08-23T14:26:03","date_gmt":"2020-08-23T12:26:03","guid":{"rendered":"http:\/\/mebelunams.lv\/?post_type=product&#038;p=302"},"modified":"2024-06-07T18:55:35","modified_gmt":"2024-06-07T16:55:35","slug":"tahta-nida-90","status":"publish","type":"product","link":"https:\/\/mebelunams.lv\/?product=tahta-nida-90","title":{"rendered":"tahta augst\u0101"},"content":{"rendered":"","protected":false},"excerpt":{"rendered":"<p>Tahta ar pace\u013camu matraci (no s\u0101na)<br \/>\nMatracis: atsperes \/ voiloks \/ porolons<br \/>\nKorpuss: lamin\u0101ts<br \/>\nIr ve\u013cas kaste<br \/>\nGu\u013camvietas garums 198 cm<br \/>\nPlatums: 90 cm<\/p>\n<p><strong>Paaugstin\u0101ts \u00a0augstums s\u0113\u017eamajai da\u013cai = 50 cm<\/strong><\/p>\n<p>Mont\u0113jams gan uz labo, gan kreiso pusi!<\/p>\n<p>&nbsp;<\/p>\n<p>&nbsp;<\/p>\n<p>&nbsp;<\/p>\n","protected":false},"featured_media":12465,"template":"","meta":{"neve_meta_sidebar":"","neve_meta_container":"","neve_meta_enable_content_width":"off","neve_meta_content_width":70,"neve_meta_title_alignment":"","neve_meta_author_avatar":"","neve_post_elements_order":"","neve_meta_disable_header":"","neve_meta_disable_footer":"","neve_meta_disable_title":""},"product_cat":[59],"product_tag":[],"_links":{"self":[{"href":"https:\/\/mebelunams.lv\/index.php?rest_route=\/wp\/v2\/product\/302"}],"collection":[{"href":"https:\/\/mebelunams.lv\/index.php?rest_route=\/wp\/v2\/product"}],"about":[{"href":"https:\/\/mebelunams.lv\/index.php?rest_route=\/wp\/v2\/types\/product"}],"wp:featuredmedia":[{"embeddable":true,"href":"https:\/\/mebelunams.lv\/index.php?rest_route=\/wp\/v2\/media\/12465"}],"wp:attachment":[{"href":"https:\/\/mebelunams.lv\/index.php?rest_route=%2Fwp%2Fv2%2Fmedia&parent=302"}],"wp:term":[{"taxonomy":"product_cat","embeddable":true,"href":"https:\/\/mebelunams.lv\/index.php?rest_route=%2Fwp%2Fv2%2Fproduct_cat&post=302"},{"taxonomy":"product_tag","embeddable":true,"href":"https:\/\/mebelunams.lv\/index.php?rest_route=%2Fwp%2Fv2%2Fproduct_tag&post=302"}],"curies":[{"name":"wp","href":"https:\/\/api.w.org\/{rel}","templated":true}]}}