{"id":292,"date":"2020-08-23T12:02:04","date_gmt":"2020-08-23T10:02:04","guid":{"rendered":"http:\/\/mebelunams.lv\/?post_type=product&#038;p=292"},"modified":"2026-03-26T19:41:03","modified_gmt":"2026-03-26T17:41:03","slug":"stura-divans-vesta","status":"publish","type":"product","link":"https:\/\/mebelunams.lv\/?product=stura-divans-vesta","title":{"rendered":"st\u016bra d\u012bv\u0101ns Vesta"},"content":{"rendered":"","protected":false},"excerpt":{"rendered":"<p><strong>Kop\u0113jais maksim\u0101lais izm\u0113rs:\u00a0<\/strong>246 x 172 cm<br \/>\n<strong>Gu\u013cam\u0101 plat\u012bba:<\/strong>\u00a0160 x 205 cm<\/p>\n<p><strong>Rokubalsta platums:<\/strong> 12.5 cm<\/p>\n<p>D\u012bv\u0101ns ar platiem roku balstiem +50 Eur<\/p>\n<p><strong>Ietilp\u012bgas kaste ve\u013cai.<\/strong><br \/>\n<strong>D\u012bv\u0101ns izvelkams uz priek\u0161u ar lifta meh\u0101nismu.<br \/>\n<\/strong><\/p>\n<p>Stiprin\u0101ts koka r\u0101mis.<br \/>\nV\u0101cu bonell atsperu bloks.<br \/>\nPieejami vair\u0101k nek\u0101 100 da\u017e\u0101di audumi.<\/p>\n<p><em><strong>Audums &#8211;<a href=\"https:\/\/www.davis.pl\/en\/home\/\">https:\/\/www.davis.pl\/en\/home\/<\/a><\/strong><\/em><\/p>\n<p><a href=\"https:\/\/www.litena.lt\/\">https:\/\/www.litena.lt\/<\/a><\/p>\n<p>&nbsp;<\/p>\n","protected":false},"featured_media":6499,"template":"","meta":{"neve_meta_sidebar":"","neve_meta_container":"","neve_meta_enable_content_width":"off","neve_meta_content_width":70,"neve_meta_title_alignment":"","neve_meta_author_avatar":"","neve_post_elements_order":"","neve_meta_disable_header":"","neve_meta_disable_footer":"","neve_meta_disable_title":""},"product_cat":[58],"product_tag":[],"_links":{"self":[{"href":"https:\/\/mebelunams.lv\/index.php?rest_route=\/wp\/v2\/product\/292"}],"collection":[{"href":"https:\/\/mebelunams.lv\/index.php?rest_route=\/wp\/v2\/product"}],"about":[{"href":"https:\/\/mebelunams.lv\/index.php?rest_route=\/wp\/v2\/types\/product"}],"wp:featuredmedia":[{"embeddable":true,"href":"https:\/\/mebelunams.lv\/index.php?rest_route=\/wp\/v2\/media\/6499"}],"wp:attachment":[{"href":"https:\/\/mebelunams.lv\/index.php?rest_route=%2Fwp%2Fv2%2Fmedia&parent=292"}],"wp:term":[{"taxonomy":"product_cat","embeddable":true,"href":"https:\/\/mebelunams.lv\/index.php?rest_route=%2Fwp%2Fv2%2Fproduct_cat&post=292"},{"taxonomy":"product_tag","embeddable":true,"href":"https:\/\/mebelunams.lv\/index.php?rest_route=%2Fwp%2Fv2%2Fproduct_tag&post=292"}],"curies":[{"name":"wp","href":"https:\/\/api.w.org\/{rel}","templated":true}]}}