{"id":279,"date":"2020-08-23T11:49:57","date_gmt":"2020-08-23T09:49:57","guid":{"rendered":"http:\/\/mebelunams.lv\/?post_type=product&#038;p=279"},"modified":"2026-03-27T14:34:56","modified_gmt":"2026-03-27T12:34:56","slug":"stura-divans-dace","status":"publish","type":"product","link":"https:\/\/mebelunams.lv\/?product=stura-divans-dace","title":{"rendered":"st\u016bra d\u012bv\u0101ns Dace"},"content":{"rendered":"","protected":false},"excerpt":{"rendered":"<p><strong>Kop\u0113jais izm\u0113rs:<\/strong>\u00a0175 x 240 cm<br \/>\n<strong>Gu\u013cam\u0101 plat\u012bba:<\/strong>\u00a0160 x 195 cm<br \/>\n<strong>Roku balsta platums :<\/strong>\u00a020 cm<br \/>\n<strong>Ietilp\u012bga kaste ve\u013cai.<\/strong><\/p>\n<p>Pas\u016bt\u0101ms labais vai kreisais st\u016bris.<\/p>\n<p>V\u0101cu bonell atsperu bloks.<br \/>\n<strong>Iesp\u0113jams pas\u016bt\u012bt ar\u012b\u00a0p\u0113c individu\u0101liem izm\u0113riem.<\/strong><\/p>\n<p><strong>Iesp\u0113jami da\u017e\u0101di matra\u010du pild\u012bjumi par papildus samaksu:<\/strong><\/p>\n<ul>\n<li><strong>atsperes + kokoss<\/strong><\/li>\n<li><strong>\u00a0latekss<\/strong><\/li>\n<li><strong>pastiprin\u0101tie atsperu bloki svaram virs 120 kg<\/strong><\/li>\n<\/ul>\n<p><strong>Lifta meh\u0101nisms \u013caus atv\u0113rt d\u012bv\u0101nu, neboj\u0101jot gr\u012bdas segumu.<\/strong><\/p>\n<p><span style=\"color: #ff0000;\"><em><strong>Pas\u016btot citos audumos d\u012bv\u0101na cena ir 799.- eiro<\/strong><\/em><\/span><\/p>\n<p><em><b><span style=\"font-style: normal;\">Audums &#8211;<\/span><\/b><\/em> <a href=\"https:\/\/www.davis.pl\/en\/home\/\">https:\/\/www.davis.pl\/en\/home\/<\/a><strong>vai\u00a0<a href=\"https:\/\/www.litena.lt\/\">https:\/\/www.litena.lt\/<\/a><\/strong><\/p>\n","protected":false},"featured_media":19468,"template":"","meta":{"neve_meta_sidebar":"","neve_meta_container":"","neve_meta_enable_content_width":"off","neve_meta_content_width":70,"neve_meta_title_alignment":"","neve_meta_author_avatar":"","neve_post_elements_order":"","neve_meta_disable_header":"","neve_meta_disable_footer":"","neve_meta_disable_title":""},"product_cat":[58],"product_tag":[],"_links":{"self":[{"href":"https:\/\/mebelunams.lv\/index.php?rest_route=\/wp\/v2\/product\/279"}],"collection":[{"href":"https:\/\/mebelunams.lv\/index.php?rest_route=\/wp\/v2\/product"}],"about":[{"href":"https:\/\/mebelunams.lv\/index.php?rest_route=\/wp\/v2\/types\/product"}],"wp:featuredmedia":[{"embeddable":true,"href":"https:\/\/mebelunams.lv\/index.php?rest_route=\/wp\/v2\/media\/19468"}],"wp:attachment":[{"href":"https:\/\/mebelunams.lv\/index.php?rest_route=%2Fwp%2Fv2%2Fmedia&parent=279"}],"wp:term":[{"taxonomy":"product_cat","embeddable":true,"href":"https:\/\/mebelunams.lv\/index.php?rest_route=%2Fwp%2Fv2%2Fproduct_cat&post=279"},{"taxonomy":"product_tag","embeddable":true,"href":"https:\/\/mebelunams.lv\/index.php?rest_route=%2Fwp%2Fv2%2Fproduct_tag&post=279"}],"curies":[{"name":"wp","href":"https:\/\/api.w.org\/{rel}","templated":true}]}}