{"id":275,"date":"2020-08-23T11:45:46","date_gmt":"2020-08-23T09:45:46","guid":{"rendered":"http:\/\/mebelunams.lv\/?post_type=product&#038;p=275"},"modified":"2025-01-23T20:43:40","modified_gmt":"2025-01-23T18:43:40","slug":"stura-divans-dace-big","status":"publish","type":"product","link":"https:\/\/mebelunams.lv\/?product=stura-divans-dace-big","title":{"rendered":"st\u016bra d\u012bv\u0101ns Dace big"},"content":{"rendered":"","protected":false},"excerpt":{"rendered":"<p><strong>Kop\u0113jais izm\u0113rs:<\/strong> 310 x 195 cm<br \/>\n<strong>Gu\u013cam\u0101 plat\u012bba:<\/strong> 160 x 265 cm<br \/>\n<strong>Augstums I:<\/strong>\u00a060 cm (no gr\u012bdas l\u012bdz rokubalsta aug\u0161ai)<br \/>\n<strong>Augstums II:<\/strong>\u00a085 cm (no gr\u012bdas l\u012bdz atzveltnes aug\u0161ai)<\/p>\n<p><strong>Rokubalsta platums:<\/strong> 20 cm<\/p>\n<p>D\u012bv\u0101ns ar platiem roku balstiem +50 Eur<\/p>\n<p><strong>Ietilp\u012bga kaste ve\u013cai. (D\u012bv\u0101ns ar div\u0101m ve\u013cas kast\u0113m &#8211; 1129 Eur)<\/strong><\/p>\n<p><strong>Lifta meh\u0101nisms \u013caus atv\u0113rt d\u012bv\u0101nu, neboj\u0101jot gr\u012bdas segumu.<\/strong><\/p>\n<p>Stiprin\u0101ts koka r\u0101mis.<br \/>\nV\u0101cu bonell atsperu bloks.<br \/>\nPieejami vair\u0101k k\u0101 100 da\u017e\u0101di audumi.<br \/>\nPas\u016btot cit\u0101 audum\u0101, cena NEMAIN\u0100S!<\/p>\n<p><em><b><span style=\"font-style: normal;\">Audums &#8211;<\/span><\/b> <\/em><a href=\"https:\/\/davis.pl\/en\/fabrics\/\"><i>https:\/\/davis.pl\/en\/fabrics\/\u00a0\u00a0<\/i><\/a><strong> vai <\/strong><a href=\"https:\/\/www.litena.lt\/en\/katalogas\/litena-fabric-en\/\"><i>https:\/\/www.litena.lt\/\u00a0<\/i><\/a><\/p>\n","protected":false},"featured_media":6520,"template":"","meta":{"neve_meta_sidebar":"","neve_meta_container":"","neve_meta_enable_content_width":"off","neve_meta_content_width":70,"neve_meta_title_alignment":"","neve_meta_author_avatar":"","neve_post_elements_order":"","neve_meta_disable_header":"","neve_meta_disable_footer":"","neve_meta_disable_title":""},"product_cat":[58],"product_tag":[],"_links":{"self":[{"href":"https:\/\/mebelunams.lv\/index.php?rest_route=\/wp\/v2\/product\/275"}],"collection":[{"href":"https:\/\/mebelunams.lv\/index.php?rest_route=\/wp\/v2\/product"}],"about":[{"href":"https:\/\/mebelunams.lv\/index.php?rest_route=\/wp\/v2\/types\/product"}],"wp:featuredmedia":[{"embeddable":true,"href":"https:\/\/mebelunams.lv\/index.php?rest_route=\/wp\/v2\/media\/6520"}],"wp:attachment":[{"href":"https:\/\/mebelunams.lv\/index.php?rest_route=%2Fwp%2Fv2%2Fmedia&parent=275"}],"wp:term":[{"taxonomy":"product_cat","embeddable":true,"href":"https:\/\/mebelunams.lv\/index.php?rest_route=%2Fwp%2Fv2%2Fproduct_cat&post=275"},{"taxonomy":"product_tag","embeddable":true,"href":"https:\/\/mebelunams.lv\/index.php?rest_route=%2Fwp%2Fv2%2Fproduct_tag&post=275"}],"curies":[{"name":"wp","href":"https:\/\/api.w.org\/{rel}","templated":true}]}}