{"id":268,"date":"2020-08-23T11:40:32","date_gmt":"2020-08-23T09:40:32","guid":{"rendered":"http:\/\/mebelunams.lv\/?post_type=product&#038;p=268"},"modified":"2023-08-04T14:12:10","modified_gmt":"2023-08-04T12:12:10","slug":"divans-alfa","status":"publish","type":"product","link":"https:\/\/mebelunams.lv\/?product=divans-alfa","title":{"rendered":"d\u012bv\u0101ns Alfa"},"content":{"rendered":"","protected":false},"excerpt":{"rendered":"<p>Izvelkams st\u016bra d\u012bv\u0101ns, st\u016bris univers\u0101ls.<br \/>\nAtsperes: bonell<br \/>\nGabar\u012bts: 224 x 140 cm<br \/>\nGu\u013cam\u0101 plat\u012bba: 198 x 140 cm<br \/>\nPieejami da\u017e\u0101di audumi.<br \/>\nIr kaste ve\u013cai.<\/p>\n","protected":false},"featured_media":3716,"template":"","meta":{"neve_meta_sidebar":"","neve_meta_container":"","neve_meta_enable_content_width":"off","neve_meta_content_width":0,"neve_meta_title_alignment":"","neve_meta_author_avatar":"","neve_post_elements_order":"","neve_meta_disable_header":"","neve_meta_disable_footer":"","neve_meta_disable_title":""},"product_cat":[58],"product_tag":[],"_links":{"self":[{"href":"https:\/\/mebelunams.lv\/index.php?rest_route=\/wp\/v2\/product\/268"}],"collection":[{"href":"https:\/\/mebelunams.lv\/index.php?rest_route=\/wp\/v2\/product"}],"about":[{"href":"https:\/\/mebelunams.lv\/index.php?rest_route=\/wp\/v2\/types\/product"}],"wp:featuredmedia":[{"embeddable":true,"href":"https:\/\/mebelunams.lv\/index.php?rest_route=\/wp\/v2\/media\/3716"}],"wp:attachment":[{"href":"https:\/\/mebelunams.lv\/index.php?rest_route=%2Fwp%2Fv2%2Fmedia&parent=268"}],"wp:term":[{"taxonomy":"product_cat","embeddable":true,"href":"https:\/\/mebelunams.lv\/index.php?rest_route=%2Fwp%2Fv2%2Fproduct_cat&post=268"},{"taxonomy":"product_tag","embeddable":true,"href":"https:\/\/mebelunams.lv\/index.php?rest_route=%2Fwp%2Fv2%2Fproduct_tag&post=268"}],"curies":[{"name":"wp","href":"https:\/\/api.w.org\/{rel}","templated":true}]}}