{"id":251,"date":"2020-08-23T11:07:19","date_gmt":"2020-08-23T09:07:19","guid":{"rendered":"http:\/\/mebelunams.lv\/?post_type=product&#038;p=251"},"modified":"2026-01-07T15:23:04","modified_gmt":"2026-01-07T13:23:04","slug":"divans-olivers","status":"publish","type":"product","link":"https:\/\/mebelunams.lv\/?product=divans-olivers","title":{"rendered":"d\u012bv\u0101ns Olivers"},"content":{"rendered":"","protected":false},"excerpt":{"rendered":"<p><strong>Platums:<\/strong>\u00a0232 cm<strong><br \/>\nDzi\u013cums:\u00a0<\/strong>101 cm<strong><br \/>\nAugstums:\u00a0<\/strong>83 cm<strong><br \/>\nGu\u013cam\u0101 plat\u012bba:\u00a0<\/strong>160&#215;200 cm<strong><br \/>\nAtsperes:\u00a0<\/strong>&#8220;bonnel&#8221;<br \/>\n<strong>Izvelkams:<\/strong> IR (lifts)<br \/>\n<strong>Ve\u013cas kaste:<\/strong>\u00a0IR<\/p>\n<p>Materi\u0101li:<\/p>\n<ul>\n<li>lamin\u0101ts<\/li>\n<li>atsperes<\/li>\n<li>porolons<\/li>\n<li>sintepons<\/li>\n<li>audums<\/li>\n<\/ul>\n<p>&nbsp;<\/p>\n","protected":false},"featured_media":6401,"template":"","meta":{"neve_meta_sidebar":"","neve_meta_container":"","neve_meta_enable_content_width":"off","neve_meta_content_width":100,"neve_meta_title_alignment":"","neve_meta_author_avatar":"","neve_post_elements_order":"","neve_meta_disable_header":"","neve_meta_disable_footer":"","neve_meta_disable_title":""},"product_cat":[57],"product_tag":[],"_links":{"self":[{"href":"https:\/\/mebelunams.lv\/index.php?rest_route=\/wp\/v2\/product\/251"}],"collection":[{"href":"https:\/\/mebelunams.lv\/index.php?rest_route=\/wp\/v2\/product"}],"about":[{"href":"https:\/\/mebelunams.lv\/index.php?rest_route=\/wp\/v2\/types\/product"}],"wp:featuredmedia":[{"embeddable":true,"href":"https:\/\/mebelunams.lv\/index.php?rest_route=\/wp\/v2\/media\/6401"}],"wp:attachment":[{"href":"https:\/\/mebelunams.lv\/index.php?rest_route=%2Fwp%2Fv2%2Fmedia&parent=251"}],"wp:term":[{"taxonomy":"product_cat","embeddable":true,"href":"https:\/\/mebelunams.lv\/index.php?rest_route=%2Fwp%2Fv2%2Fproduct_cat&post=251"},{"taxonomy":"product_tag","embeddable":true,"href":"https:\/\/mebelunams.lv\/index.php?rest_route=%2Fwp%2Fv2%2Fproduct_tag&post=251"}],"curies":[{"name":"wp","href":"https:\/\/api.w.org\/{rel}","templated":true}]}}