{"id":245,"date":"2020-08-23T11:00:36","date_gmt":"2020-08-23T09:00:36","guid":{"rendered":"http:\/\/mebelunams.lv\/?post_type=product&#038;p=245"},"modified":"2025-08-07T15:14:40","modified_gmt":"2025-08-07T13:14:40","slug":"divans-martins","status":"publish","type":"product","link":"https:\/\/mebelunams.lv\/?product=divans-martins","title":{"rendered":"d\u012bv\u0101ns M\u0101rti\u0146\u0161"},"content":{"rendered":"","protected":false},"excerpt":{"rendered":"<address>D\u012bv\u0101ns ir neaizst\u0101jams ierobe\u017eotai telpai.\u00a0<\/address>\n<address>Apr\u012bkots ar izvilk\u0161anas meh\u0101nismu, kas ir viens no vienk\u0101r\u0161\u0101kajiem un taj\u0101 pa\u0161\u0101 laik\u0101 viens no dro\u0161\u0101kajiem.<\/address>\n<address>Izvelkam\u0101 \u00a0atzveltne ir divk\u0101r\u0161i saloc\u012bta horizont\u0101la virsma miegam.<\/address>\n<address>Izstiep\u0161anas pa\u0146\u0113miens \u2013 izb\u012bd\u012b\u0161ana, izstiept\u0101 st\u0101vokl\u012b \u00a0nodro\u0161ina pla\u0161u un l\u012bdzenu gu\u013camvietu.<\/address>\n<address>Korpusam izmantots kvalitat\u012bvs Latvija ra\u017eots sapl\u0101ksnis (finieris).<\/address>\n<address>Ir ve\u013cas kaste.\u00a0<\/address>\n<address>\u00a0<\/address>\n<address>Pieejami da\u017e\u0101di izm\u0113ri:<\/address>\n<address>\u00a0<\/address>\n<address>Gu\u013cam\u0101\u00a0plat\u012bba:<\/address>\n<address>\n<address>\n<address>90 * 195 cm = 670.- eiro<\/address>\n<address>120 * 195 cm = 770.- eiro<\/address>\n<address>140 * 195 cm = 890.- eiro<\/address>\n<address>160 * 195 cm = 960.- eiro<\/address>\n<\/address>\n<\/address>\n<address>Roku balsti var b\u016bt 20 , 14 vai 10 cm plati (katrs).<\/address>\n<address>Pieejama \u013coti pla\u0161a audumu izv\u0113le.<\/address>\n","protected":false},"featured_media":6409,"template":"","meta":{"neve_meta_sidebar":"","neve_meta_container":"","neve_meta_enable_content_width":"off","neve_meta_content_width":70,"neve_meta_title_alignment":"","neve_meta_author_avatar":"","neve_post_elements_order":"","neve_meta_disable_header":"","neve_meta_disable_footer":"","neve_meta_disable_title":""},"product_cat":[57],"product_tag":[],"_links":{"self":[{"href":"https:\/\/mebelunams.lv\/index.php?rest_route=\/wp\/v2\/product\/245"}],"collection":[{"href":"https:\/\/mebelunams.lv\/index.php?rest_route=\/wp\/v2\/product"}],"about":[{"href":"https:\/\/mebelunams.lv\/index.php?rest_route=\/wp\/v2\/types\/product"}],"wp:featuredmedia":[{"embeddable":true,"href":"https:\/\/mebelunams.lv\/index.php?rest_route=\/wp\/v2\/media\/6409"}],"wp:attachment":[{"href":"https:\/\/mebelunams.lv\/index.php?rest_route=%2Fwp%2Fv2%2Fmedia&parent=245"}],"wp:term":[{"taxonomy":"product_cat","embeddable":true,"href":"https:\/\/mebelunams.lv\/index.php?rest_route=%2Fwp%2Fv2%2Fproduct_cat&post=245"},{"taxonomy":"product_tag","embeddable":true,"href":"https:\/\/mebelunams.lv\/index.php?rest_route=%2Fwp%2Fv2%2Fproduct_tag&post=245"}],"curies":[{"name":"wp","href":"https:\/\/api.w.org\/{rel}","templated":true}]}}