{"id":235,"date":"2020-08-23T10:53:33","date_gmt":"2020-08-23T08:53:33","guid":{"rendered":"http:\/\/mebelunams.lv\/?post_type=product&#038;p=235"},"modified":"2026-01-07T15:25:44","modified_gmt":"2026-01-07T13:25:44","slug":"divans-viljams","status":"publish","type":"product","link":"https:\/\/mebelunams.lv\/?product=divans-viljams","title":{"rendered":"d\u012bv\u0101ns Viljams"},"content":{"rendered":"","protected":false},"excerpt":{"rendered":"<p><strong>Gu\u013cam\u0101 plat\u012bba I:<\/strong>\u00a0120&#215;185 cm<br \/>\n<strong>Gu\u013cam\u0101 plat\u012bba II:<\/strong>\u00a0120&#215;200 cm<br \/>\n<strong>Platums I:<\/strong>\u00a0217 cm<br \/>\n<strong>Platums II:<\/strong>\u00a0230 cm<br \/>\n<strong>Augstums:<\/strong>\u00a091 cm<br \/>\n<strong>Dzi\u013cums:<\/strong>\u00a092 cm<br \/>\n<strong>Matracis:<\/strong>\u00a0atsperu<br \/>\n<strong>Korpuss:<\/strong>\u00a0koks (melnalksnis)<br \/>\n<strong>Meh\u0101nisms:<\/strong>\u00a0&#8220;gr\u0101mati\u0146a&#8221;<br \/>\n<strong>Kr\u0101sa:\u00a0<\/strong>alksnis \/ rieksts<strong>*<\/strong>\u00a0\/<\/p>\n<p><strong>Ar * apz\u012bm\u0113t\u0101s kr\u0101sas pieejamas par papildus samaksu.<br \/>\n<\/strong><em>Rieksts: +15%<\/em><\/p>\n","protected":false},"featured_media":6414,"template":"","meta":{"neve_meta_sidebar":"","neve_meta_container":"","neve_meta_enable_content_width":"off","neve_meta_content_width":100,"neve_meta_title_alignment":"","neve_meta_author_avatar":"","neve_post_elements_order":"","neve_meta_disable_header":"","neve_meta_disable_footer":"","neve_meta_disable_title":""},"product_cat":[57],"product_tag":[],"_links":{"self":[{"href":"https:\/\/mebelunams.lv\/index.php?rest_route=\/wp\/v2\/product\/235"}],"collection":[{"href":"https:\/\/mebelunams.lv\/index.php?rest_route=\/wp\/v2\/product"}],"about":[{"href":"https:\/\/mebelunams.lv\/index.php?rest_route=\/wp\/v2\/types\/product"}],"wp:featuredmedia":[{"embeddable":true,"href":"https:\/\/mebelunams.lv\/index.php?rest_route=\/wp\/v2\/media\/6414"}],"wp:attachment":[{"href":"https:\/\/mebelunams.lv\/index.php?rest_route=%2Fwp%2Fv2%2Fmedia&parent=235"}],"wp:term":[{"taxonomy":"product_cat","embeddable":true,"href":"https:\/\/mebelunams.lv\/index.php?rest_route=%2Fwp%2Fv2%2Fproduct_cat&post=235"},{"taxonomy":"product_tag","embeddable":true,"href":"https:\/\/mebelunams.lv\/index.php?rest_route=%2Fwp%2Fv2%2Fproduct_tag&post=235"}],"curies":[{"name":"wp","href":"https:\/\/api.w.org\/{rel}","templated":true}]}}