{"id":231,"date":"2020-08-23T10:50:13","date_gmt":"2020-08-23T08:50:13","guid":{"rendered":"http:\/\/mebelunams.lv\/?post_type=product&#038;p=231"},"modified":"2026-03-26T19:17:46","modified_gmt":"2026-03-26T17:17:46","slug":"divans-oxford","status":"publish","type":"product","link":"https:\/\/mebelunams.lv\/?product=divans-oxford","title":{"rendered":"d\u012bv\u0101ns Oxford"},"content":{"rendered":"","protected":false},"excerpt":{"rendered":"<p>Izvelkams d\u012bv\u0101ns ar ve\u013cas kasti, lifta meh\u0101nisms.<br \/>\nAtsperes: bonell<br \/>\nGabar\u012bts: 245 x 110 cm<br \/>\nGu\u013cam\u0101 plat\u012bba: 195 x 160 cm<br \/>\nPieejamas da\u017e\u0101das kr\u0101sas, pas\u016btot.<\/p>\n<p><a href=\"https:\/\/www.litena.lt\/\">https:\/\/www.litena.lt\/<\/a><\/p>\n<p><a href=\"https:\/\/www.davis.pl\/en\/home\/\">https:\/\/www.davis.pl\/en\/home\/<\/a><\/p>\n","protected":false},"featured_media":12467,"template":"","meta":{"neve_meta_sidebar":"","neve_meta_container":"","neve_meta_enable_content_width":"off","neve_meta_content_width":70,"neve_meta_title_alignment":"","neve_meta_author_avatar":"","neve_post_elements_order":"","neve_meta_disable_header":"","neve_meta_disable_footer":"","neve_meta_disable_title":""},"product_cat":[57],"product_tag":[],"_links":{"self":[{"href":"https:\/\/mebelunams.lv\/index.php?rest_route=\/wp\/v2\/product\/231"}],"collection":[{"href":"https:\/\/mebelunams.lv\/index.php?rest_route=\/wp\/v2\/product"}],"about":[{"href":"https:\/\/mebelunams.lv\/index.php?rest_route=\/wp\/v2\/types\/product"}],"wp:featuredmedia":[{"embeddable":true,"href":"https:\/\/mebelunams.lv\/index.php?rest_route=\/wp\/v2\/media\/12467"}],"wp:attachment":[{"href":"https:\/\/mebelunams.lv\/index.php?rest_route=%2Fwp%2Fv2%2Fmedia&parent=231"}],"wp:term":[{"taxonomy":"product_cat","embeddable":true,"href":"https:\/\/mebelunams.lv\/index.php?rest_route=%2Fwp%2Fv2%2Fproduct_cat&post=231"},{"taxonomy":"product_tag","embeddable":true,"href":"https:\/\/mebelunams.lv\/index.php?rest_route=%2Fwp%2Fv2%2Fproduct_tag&post=231"}],"curies":[{"name":"wp","href":"https:\/\/api.w.org\/{rel}","templated":true}]}}