{"id":2222,"date":"2021-05-19T18:43:40","date_gmt":"2021-05-19T16:43:40","guid":{"rendered":"https:\/\/mebelunams.lv\/?post_type=product&#038;p=2222"},"modified":"2022-06-16T12:15:25","modified_gmt":"2022-06-16T10:15:25","slug":"air-xl-matracis","status":"publish","type":"product","link":"https:\/\/mebelunams.lv\/?product=air-xl-matracis","title":{"rendered":"AIR XL matracis"},"content":{"rendered":"","protected":false},"excerpt":{"rendered":"<ul>\n<li>Vid\u0113j\u0101 cietuma divpus\u0113js matracis ar at\u0161\u0137ir\u012bg\u0101m stingruma pus\u0113m<\/li>\n<li>Pocket atsperu bloka augstums ir 18 cm<\/li>\n<li>Speci\u0101l\u0101 3D lenta matra\u010da s\u0101nos nodro\u0161ina izcilu gaisa cirkul\u0101ciju<\/li>\n<li>P\u0101rvalks ir neno\u0146emams, veidots no m\u012bkst\u0101 trikot\u0101\u017eas auduma<\/li>\n<li>Matra\u010da kop\u0113jais augstums ir 28 cm<\/li>\n<li>Pieejams tikai 160*200 cm\u00a0 izm\u0113r\u0101<\/li>\n<\/ul>\n","protected":false},"featured_media":8222,"template":"","meta":{"neve_meta_sidebar":"","neve_meta_container":"","neve_meta_enable_content_width":"off","neve_meta_content_width":0,"neve_meta_title_alignment":"","neve_meta_author_avatar":"","neve_post_elements_order":"","neve_meta_disable_header":"","neve_meta_disable_footer":"","neve_meta_disable_title":""},"product_cat":[52,25],"product_tag":[],"_links":{"self":[{"href":"https:\/\/mebelunams.lv\/index.php?rest_route=\/wp\/v2\/product\/2222"}],"collection":[{"href":"https:\/\/mebelunams.lv\/index.php?rest_route=\/wp\/v2\/product"}],"about":[{"href":"https:\/\/mebelunams.lv\/index.php?rest_route=\/wp\/v2\/types\/product"}],"wp:featuredmedia":[{"embeddable":true,"href":"https:\/\/mebelunams.lv\/index.php?rest_route=\/wp\/v2\/media\/8222"}],"wp:attachment":[{"href":"https:\/\/mebelunams.lv\/index.php?rest_route=%2Fwp%2Fv2%2Fmedia&parent=2222"}],"wp:term":[{"taxonomy":"product_cat","embeddable":true,"href":"https:\/\/mebelunams.lv\/index.php?rest_route=%2Fwp%2Fv2%2Fproduct_cat&post=2222"},{"taxonomy":"product_tag","embeddable":true,"href":"https:\/\/mebelunams.lv\/index.php?rest_route=%2Fwp%2Fv2%2Fproduct_tag&post=2222"}],"curies":[{"name":"wp","href":"https:\/\/api.w.org\/{rel}","templated":true}]}}