{"id":221,"date":"2020-08-23T10:43:45","date_gmt":"2020-08-23T08:43:45","guid":{"rendered":"http:\/\/mebelunams.lv\/?post_type=product&#038;p=221"},"modified":"2021-06-01T16:45:57","modified_gmt":"2021-06-01T14:45:57","slug":"divans-koln-1m","status":"publish","type":"product","link":"https:\/\/mebelunams.lv\/?product=divans-koln-1m","title":{"rendered":"d\u012bv\u0101ns Koln 1M"},"content":{"rendered":"","protected":false},"excerpt":{"rendered":"<p>Cenas nor\u0101d\u012btas A. kategorijas audumiem ar PVN 21%, ar nosac\u012bjumu, ja tie tiek pirkti tirdzniec\u012bbas z\u0101l\u0113 vai noliktav\u0101. Prec\u012bza izstr\u0101d\u0101juma cena ir atkar\u012bga no komplekt\u0101cijas, auduma kategorijas un var tikt preciz\u0113ta pie konsultantiem.<\/p>\n<p><strong>Apraksts<\/strong><\/p>\n<p>\u00abKoln\u00bb &#8211; tas ir izvelkams daudzfunkcion\u0101ls viengu\u013cams d\u012bv\u0101ns ar ve\u013cas kasti. D\u012bv\u0101na s\u0113deklis groz\u0101ms par 90 gr\u0101diem, k\u0101 ar\u012b izvelkams uz priek\u0161u. Pie tam izvilk\u0161anas un pagrie\u0161anas meh\u0101nisms ir \u013coti vienk\u0101r\u0161s, t\u0101p\u0113c nav pak\u013cauts sal\u016b\u0161anas riskam. Komplekt\u0101 1 spilvens.<\/p>\n<p><strong>Materi\u0101li<\/strong><\/p>\n<p>R\u0101mis izgatavots no pak\u0101peniski \u017e\u0101v\u0113ta b\u0113rza koka, v\u0101cu atsperu bloki \u201cHoffmann\u201d, v\u0101cu furnit\u016bra. J\u016bs varat izv\u0113l\u0113ties ap\u0161uvumu no vair\u0101k k\u0101 200 audumiem.<\/p>\n<p><strong>Izm\u0113rs<\/strong><\/p>\n<p>salikts &#8211; 140 x 85 x 78<br \/>\nizvilkts \u2013 197 \u0445 85 \u0445 78<\/p>\n","protected":false},"featured_media":6452,"template":"","meta":{"neve_meta_sidebar":"","neve_meta_container":"","neve_meta_enable_content_width":"","neve_meta_content_width":0,"neve_meta_title_alignment":"","neve_meta_author_avatar":"","neve_post_elements_order":"","neve_meta_disable_header":"","neve_meta_disable_footer":"","neve_meta_disable_title":""},"product_cat":[57],"product_tag":[],"_links":{"self":[{"href":"https:\/\/mebelunams.lv\/index.php?rest_route=\/wp\/v2\/product\/221"}],"collection":[{"href":"https:\/\/mebelunams.lv\/index.php?rest_route=\/wp\/v2\/product"}],"about":[{"href":"https:\/\/mebelunams.lv\/index.php?rest_route=\/wp\/v2\/types\/product"}],"wp:featuredmedia":[{"embeddable":true,"href":"https:\/\/mebelunams.lv\/index.php?rest_route=\/wp\/v2\/media\/6452"}],"wp:attachment":[{"href":"https:\/\/mebelunams.lv\/index.php?rest_route=%2Fwp%2Fv2%2Fmedia&parent=221"}],"wp:term":[{"taxonomy":"product_cat","embeddable":true,"href":"https:\/\/mebelunams.lv\/index.php?rest_route=%2Fwp%2Fv2%2Fproduct_cat&post=221"},{"taxonomy":"product_tag","embeddable":true,"href":"https:\/\/mebelunams.lv\/index.php?rest_route=%2Fwp%2Fv2%2Fproduct_tag&post=221"}],"curies":[{"name":"wp","href":"https:\/\/api.w.org\/{rel}","templated":true}]}}