{"id":2182,"date":"2021-05-08T13:16:23","date_gmt":"2021-05-08T11:16:23","guid":{"rendered":"https:\/\/mebelunams.lv\/?post_type=product&#038;p=2182"},"modified":"2026-01-07T15:20:09","modified_gmt":"2026-01-07T13:20:09","slug":"divans-olivers-ar-koka-roku-balstiem-un-cokolu","status":"publish","type":"product","link":"https:\/\/mebelunams.lv\/?product=divans-olivers-ar-koka-roku-balstiem-un-cokolu","title":{"rendered":"d\u012bv\u0101ns Olivers ar koka roku balstiem un cokolu"},"content":{"rendered":"","protected":false},"excerpt":{"rendered":"<p><strong>Platums:<\/strong>\u00a0222 cm<strong><br \/>\nDzi\u013cums:\u00a0<\/strong>101 cm<strong><br \/>\nAugstums:\u00a0<\/strong>83 cm<strong><br \/>\nGu\u013cam\u0101 plat\u012bba:\u00a0<\/strong>160&#215;200 cm<strong><br \/>\nAtsperes:\u00a0<\/strong>&#8220;bonnel&#8221;<br \/>\n<strong>Izvelkams:<\/strong>\u00a0IR (lifta meh\u0101nisms)<br \/>\n<strong>Ve\u013cas kaste:<\/strong>\u00a0IR<\/p>\n<p>Iesp\u0113ja pas\u016bt\u012bt da\u017e\u0101dos audumos.<\/p>\n","protected":false},"featured_media":6339,"template":"","meta":{"neve_meta_sidebar":"","neve_meta_container":"","neve_meta_enable_content_width":"off","neve_meta_content_width":100,"neve_meta_title_alignment":"","neve_meta_author_avatar":"","neve_post_elements_order":"","neve_meta_disable_header":"","neve_meta_disable_footer":"","neve_meta_disable_title":""},"product_cat":[57],"product_tag":[],"_links":{"self":[{"href":"https:\/\/mebelunams.lv\/index.php?rest_route=\/wp\/v2\/product\/2182"}],"collection":[{"href":"https:\/\/mebelunams.lv\/index.php?rest_route=\/wp\/v2\/product"}],"about":[{"href":"https:\/\/mebelunams.lv\/index.php?rest_route=\/wp\/v2\/types\/product"}],"wp:featuredmedia":[{"embeddable":true,"href":"https:\/\/mebelunams.lv\/index.php?rest_route=\/wp\/v2\/media\/6339"}],"wp:attachment":[{"href":"https:\/\/mebelunams.lv\/index.php?rest_route=%2Fwp%2Fv2%2Fmedia&parent=2182"}],"wp:term":[{"taxonomy":"product_cat","embeddable":true,"href":"https:\/\/mebelunams.lv\/index.php?rest_route=%2Fwp%2Fv2%2Fproduct_cat&post=2182"},{"taxonomy":"product_tag","embeddable":true,"href":"https:\/\/mebelunams.lv\/index.php?rest_route=%2Fwp%2Fv2%2Fproduct_tag&post=2182"}],"curies":[{"name":"wp","href":"https:\/\/api.w.org\/{rel}","templated":true}]}}