{"id":2177,"date":"2021-05-08T13:13:36","date_gmt":"2021-05-08T11:13:36","guid":{"rendered":"https:\/\/mebelunams.lv\/?post_type=product&#038;p=2177"},"modified":"2026-01-03T17:41:02","modified_gmt":"2026-01-03T15:41:02","slug":"divans-olivers-xl","status":"publish","type":"product","link":"https:\/\/mebelunams.lv\/?product=divans-olivers-xl","title":{"rendered":"d\u012bv\u0101ns Olivers XL"},"content":{"rendered":"","protected":false},"excerpt":{"rendered":"<p>Latvij\u0101 ra\u017eots st\u016bra d\u012bv\u0101ns ar lifta meh\u0101nismu, finiera kasti, koka korpusu.<\/p>\n<p>Iesp\u0113ja pas\u016bt\u012bt da\u017e\u0101dos audumos.<\/p>\n<p>Litena audumos cena +70.- eiro<\/p>\n<p>Iesp\u0113ja main\u012bt izm\u0113rus.<\/p>\n","protected":false},"featured_media":6469,"template":"","meta":{"neve_meta_sidebar":"","neve_meta_container":"","neve_meta_enable_content_width":"off","neve_meta_content_width":100,"neve_meta_title_alignment":"","neve_meta_author_avatar":"","neve_post_elements_order":"","neve_meta_disable_header":"","neve_meta_disable_footer":"","neve_meta_disable_title":""},"product_cat":[58],"product_tag":[],"_links":{"self":[{"href":"https:\/\/mebelunams.lv\/index.php?rest_route=\/wp\/v2\/product\/2177"}],"collection":[{"href":"https:\/\/mebelunams.lv\/index.php?rest_route=\/wp\/v2\/product"}],"about":[{"href":"https:\/\/mebelunams.lv\/index.php?rest_route=\/wp\/v2\/types\/product"}],"wp:featuredmedia":[{"embeddable":true,"href":"https:\/\/mebelunams.lv\/index.php?rest_route=\/wp\/v2\/media\/6469"}],"wp:attachment":[{"href":"https:\/\/mebelunams.lv\/index.php?rest_route=%2Fwp%2Fv2%2Fmedia&parent=2177"}],"wp:term":[{"taxonomy":"product_cat","embeddable":true,"href":"https:\/\/mebelunams.lv\/index.php?rest_route=%2Fwp%2Fv2%2Fproduct_cat&post=2177"},{"taxonomy":"product_tag","embeddable":true,"href":"https:\/\/mebelunams.lv\/index.php?rest_route=%2Fwp%2Fv2%2Fproduct_tag&post=2177"}],"curies":[{"name":"wp","href":"https:\/\/api.w.org\/{rel}","templated":true}]}}