{"id":215,"date":"2020-08-23T10:40:33","date_gmt":"2020-08-23T08:40:33","guid":{"rendered":"http:\/\/mebelunams.lv\/?post_type=product&#038;p=215"},"modified":"2023-03-19T12:21:22","modified_gmt":"2023-03-19T10:21:22","slug":"divans-dace-v","status":"publish","type":"product","link":"https:\/\/mebelunams.lv\/?product=divans-dace-v","title":{"rendered":"d\u012bv\u0101ns Dace V"},"content":{"rendered":"","protected":false},"excerpt":{"rendered":"<p><strong>Kop\u0113jais izm\u0113rs:<\/strong>\u00a0203 x 103 cm<br \/>\n<strong>Gu\u013cam\u0101 plat\u012bba:<\/strong>\u00a0160 x 195 cm<br \/>\n<strong>Ietilp\u012bga kaste ve\u013cai.<\/strong><\/p>\n<p><strong>Lifta meh\u0101nisms \u013caus atv\u0113rt d\u012bv\u0101nu, neboj\u0101jot gr\u012bdas segumu.<\/strong><\/p>\n<p>V\u0101cu bonell atsperu bloks.<br \/>\nPieejami vair\u0101k nek\u0101 100 da\u017e\u0101di audumi.<\/p>\n<p><strong>\u00a0audumi no <\/strong><a href=\"https:\/\/davis.pl\/en\/fabrics\/\"><em>https:\/\/davis.pl\/en\/fabrics\/\u00a0\u00a0<\/em><\/a><strong> vai <\/strong><a href=\"https:\/\/www.litena.lt\/en\/katalogas\/litena-fabric-en\/\"><em>https:\/\/www.litena.lt\/\u00a0<\/em><\/a><\/p>\n<p><strong>Ra\u017eots Latvij\u0101!<\/strong><\/p>\n","protected":false},"featured_media":4515,"template":"","meta":{"neve_meta_sidebar":"","neve_meta_container":"","neve_meta_enable_content_width":"off","neve_meta_content_width":70,"neve_meta_title_alignment":"","neve_meta_author_avatar":"","neve_post_elements_order":"","neve_meta_disable_header":"","neve_meta_disable_footer":"","neve_meta_disable_title":""},"product_cat":[57],"product_tag":[],"_links":{"self":[{"href":"https:\/\/mebelunams.lv\/index.php?rest_route=\/wp\/v2\/product\/215"}],"collection":[{"href":"https:\/\/mebelunams.lv\/index.php?rest_route=\/wp\/v2\/product"}],"about":[{"href":"https:\/\/mebelunams.lv\/index.php?rest_route=\/wp\/v2\/types\/product"}],"wp:featuredmedia":[{"embeddable":true,"href":"https:\/\/mebelunams.lv\/index.php?rest_route=\/wp\/v2\/media\/4515"}],"wp:attachment":[{"href":"https:\/\/mebelunams.lv\/index.php?rest_route=%2Fwp%2Fv2%2Fmedia&parent=215"}],"wp:term":[{"taxonomy":"product_cat","embeddable":true,"href":"https:\/\/mebelunams.lv\/index.php?rest_route=%2Fwp%2Fv2%2Fproduct_cat&post=215"},{"taxonomy":"product_tag","embeddable":true,"href":"https:\/\/mebelunams.lv\/index.php?rest_route=%2Fwp%2Fv2%2Fproduct_tag&post=215"}],"curies":[{"name":"wp","href":"https:\/\/api.w.org\/{rel}","templated":true}]}}