{"id":210,"date":"2020-08-23T10:36:23","date_gmt":"2020-08-23T08:36:23","guid":{"rendered":"http:\/\/mebelunams.lv\/?post_type=product&#038;p=210"},"modified":"2026-03-27T15:00:58","modified_gmt":"2026-03-27T13:00:58","slug":"divans-dace","status":"publish","type":"product","link":"https:\/\/mebelunams.lv\/?product=divans-dace","title":{"rendered":"d\u012bv\u0101ns Dace"},"content":{"rendered":"","protected":false},"excerpt":{"rendered":"<div class=\"product-description\">\n<p><strong>Kop\u0113jais izm\u0113rs:<\/strong> 222 x 100 cm<br \/>\n<strong>Gu\u013cam\u0101 plat\u012bba:<\/strong>\u00a0160 x 195 cm<br \/>\n<strong>Augstums I:<\/strong>\u00a060 cm (no gr\u012bdas l\u012bdz rokubalsta aug\u0161ai)<br \/>\n<strong>Augstums II:<\/strong>\u00a085 cm (no gr\u012bdas l\u012bdz atzveltnes aug\u0161ai)<br \/>\n<b>Standarta rokubalstu platums: <\/b>12.5 cm<br \/>\n<strong>Ietilp\u012bga kaste ve\u013cai.<\/strong><\/p>\n<p><strong>Lifta meh\u0101nisms \u013caus atv\u0113rt d\u012bv\u0101nu, neboj\u0101jot gr\u012bdas segumu.<\/strong><\/p>\n<p>Stiprin\u0101ts koka r\u0101mis.<br \/>\nV\u0101cu bonell atsperu bloks.<br \/>\nPieejami vair\u0101k k\u0101 100 da\u017e\u0101di audumi.<\/p>\n<p><em><strong>Iesp\u0113ja pas\u016bt\u012bt d\u012bv\u0101nu cilv\u0113kiem ar svaru virs 115 kg,<\/strong><\/em><\/p>\n<p><em><strong>\u00a0cena + 67.- Eur<\/strong><\/em><\/p>\n<p><strong>Audumi no <\/strong><em><a href=\"https:\/\/davis.pl\/en\/fabrics\/\">https:\/\/davis.pl\/en\/fabrics\/\u00a0\u00a0<\/a><\/em><strong> vai <\/strong><em><a href=\"https:\/\/www.litena.lt\/en\/katalogas\/litena-fabric-en\/\">https:\/\/www.litena.lt\/<\/a><\/em><\/p>\n<p><span style=\"color: #008000;\"><strong>Att\u0113l\u0101 redzamajiem d\u012bv\u0101niem ir ilustrat\u012bva noz\u012bme, audumus var izv\u0113l\u0113ties jebk\u0101d\u0101 kombin\u0101cij\u0101 p\u0113c saviem ieskatiem. <\/strong><\/span><\/p>\n<\/div>\n<div class=\"customer-reviews\">\n<form id=\"reviewform\" action=\"http:\/\/www.egmebeles.lv\/lv\/mikstas-mebeles\/divani\/d%C4%ABv%C4%81ns-dace-detail\" method=\"post\" name=\"reviewForm\"><\/form>\n<\/div>\n","protected":false},"featured_media":4502,"template":"","meta":{"neve_meta_sidebar":"","neve_meta_container":"","neve_meta_enable_content_width":"off","neve_meta_content_width":70,"neve_meta_title_alignment":"","neve_meta_author_avatar":"","neve_post_elements_order":"","neve_meta_disable_header":"","neve_meta_disable_footer":"","neve_meta_disable_title":""},"product_cat":[57],"product_tag":[],"_links":{"self":[{"href":"https:\/\/mebelunams.lv\/index.php?rest_route=\/wp\/v2\/product\/210"}],"collection":[{"href":"https:\/\/mebelunams.lv\/index.php?rest_route=\/wp\/v2\/product"}],"about":[{"href":"https:\/\/mebelunams.lv\/index.php?rest_route=\/wp\/v2\/types\/product"}],"wp:featuredmedia":[{"embeddable":true,"href":"https:\/\/mebelunams.lv\/index.php?rest_route=\/wp\/v2\/media\/4502"}],"wp:attachment":[{"href":"https:\/\/mebelunams.lv\/index.php?rest_route=%2Fwp%2Fv2%2Fmedia&parent=210"}],"wp:term":[{"taxonomy":"product_cat","embeddable":true,"href":"https:\/\/mebelunams.lv\/index.php?rest_route=%2Fwp%2Fv2%2Fproduct_cat&post=210"},{"taxonomy":"product_tag","embeddable":true,"href":"https:\/\/mebelunams.lv\/index.php?rest_route=%2Fwp%2Fv2%2Fproduct_tag&post=210"}],"curies":[{"name":"wp","href":"https:\/\/api.w.org\/{rel}","templated":true}]}}