{"id":2061,"date":"2021-04-25T09:25:41","date_gmt":"2021-04-25T07:25:41","guid":{"rendered":"https:\/\/mebelunams.lv\/?post_type=product&#038;p=2061"},"modified":"2026-01-05T18:20:37","modified_gmt":"2026-01-05T16:20:37","slug":"koka-apavu-kaste","status":"publish","type":"product","link":"https:\/\/mebelunams.lv\/?product=koka-apavu-kaste","title":{"rendered":"koka apavu plaukts"},"content":{"rendered":"","protected":false},"excerpt":{"rendered":"<p><strong>Augstums:\u00a0<\/strong>47,5 cm<br \/>\n<strong>Platums:<\/strong>\u00a077 cm<br \/>\n<strong>Dzi\u013cums:<\/strong>\u00a036 cm<br \/>\n<strong>Materi\u0101ls:<\/strong>\u00a0koks (melnalksnis)<\/p>\n<p>iesp\u0113ja pas\u016bt\u012bt cit\u0101s kr\u0101s\u0101s:<\/p>\n<p>&nbsp;<\/p>\n<p>rieksta tonis +15%<\/p>\n<p>piena tonis +20%<\/p>\n<p>mahagona tonis +30%<\/p>\n","protected":false},"featured_media":8013,"template":"","meta":{"neve_meta_sidebar":"","neve_meta_container":"","neve_meta_enable_content_width":"off","neve_meta_content_width":70,"neve_meta_title_alignment":"","neve_meta_author_avatar":"","neve_post_elements_order":"","neve_meta_disable_header":"","neve_meta_disable_footer":"","neve_meta_disable_title":""},"product_cat":[19,74],"product_tag":[],"_links":{"self":[{"href":"https:\/\/mebelunams.lv\/index.php?rest_route=\/wp\/v2\/product\/2061"}],"collection":[{"href":"https:\/\/mebelunams.lv\/index.php?rest_route=\/wp\/v2\/product"}],"about":[{"href":"https:\/\/mebelunams.lv\/index.php?rest_route=\/wp\/v2\/types\/product"}],"wp:featuredmedia":[{"embeddable":true,"href":"https:\/\/mebelunams.lv\/index.php?rest_route=\/wp\/v2\/media\/8013"}],"wp:attachment":[{"href":"https:\/\/mebelunams.lv\/index.php?rest_route=%2Fwp%2Fv2%2Fmedia&parent=2061"}],"wp:term":[{"taxonomy":"product_cat","embeddable":true,"href":"https:\/\/mebelunams.lv\/index.php?rest_route=%2Fwp%2Fv2%2Fproduct_cat&post=2061"},{"taxonomy":"product_tag","embeddable":true,"href":"https:\/\/mebelunams.lv\/index.php?rest_route=%2Fwp%2Fv2%2Fproduct_tag&post=2061"}],"curies":[{"name":"wp","href":"https:\/\/api.w.org\/{rel}","templated":true}]}}