{"id":2014,"date":"2021-02-02T11:31:36","date_gmt":"2021-02-02T09:31:36","guid":{"rendered":"https:\/\/mebelunams.lv\/?post_type=product&#038;p=2014"},"modified":"2023-08-03T10:30:09","modified_gmt":"2023-08-03T08:30:09","slug":"kumode-amata","status":"publish","type":"product","link":"https:\/\/mebelunams.lv\/?product=kumode-amata","title":{"rendered":"kumode Amata"},"content":{"rendered":"","protected":false},"excerpt":{"rendered":"<p>&nbsp;<\/p>\n<p><strong>\u2192 (garums)<\/strong> : 104 cm<\/p>\n<p><strong>\u2191 (augstums)<\/strong> : 91,5 cm<\/p>\n<p><strong>\/ (dzi\u013cums)<\/strong> :\u00a0 55 cm<\/p>\n<p>&nbsp;<\/p>\n<p>Mas\u012bvkoka kumode \u2018\u2018Amata\u2019\u2019 ir izgatavota no Latvij\u0101 sastopamas priedes. Konkr\u0113t\u0101 kumode sast\u0101v no \u010detr\u0101m garen\u0101m atvilktn\u0113m un div\u0101m maz\u0101k\u0101m kumodes virs\u0113j\u0101 da\u013c\u0101. Rokturi ir iestr\u0101d\u0101ti virsm\u0101, t\u0101d\u0113j\u0101di tos izmantot b\u016bs viegli. Pati priedes mas\u012bvkoka virsma ir pieejama se\u0161os da\u017e\u0101dos to\u0146os \u2013 tum\u0161i br\u016bn\u0101, gai\u0161i br\u016bn\u0101, meln\u0101, balt\u0101 un tuvu dab\u012bgajai koka fakt\u016bras kr\u0101sai.<\/p>\n<p>Dab\u012bg\u0101s priedes mas\u012bvkoka kumode \u2018\u2018Amata\u2019\u2019 b\u016bs lieliska izv\u0113le katram, kam ir tendence uz m\u0101j\u012bbas un vienk\u0101r\u0161\u012bbas saj\u016btu, taj\u0101 pa\u0161\u0101 laik\u0101 nezaud\u0113jot ar\u012b kvalit\u0101ti.<\/p>\n<p><strong>Pas\u016btot \u0161aj\u0101s kr\u0101s\u0101s (<a href=\"http:\/\/www.ralcolor.com\/\">http:\/\/www.ralcolor.com\/<\/a>), cena +10%<\/strong><\/p>\n","protected":false},"featured_media":3200,"template":"","meta":{"neve_meta_sidebar":"","neve_meta_container":"","neve_meta_enable_content_width":"off","neve_meta_content_width":70,"neve_meta_title_alignment":"","neve_meta_author_avatar":"","neve_post_elements_order":"","neve_meta_disable_header":"","neve_meta_disable_footer":"","neve_meta_disable_title":""},"product_cat":[3151,18],"product_tag":[],"_links":{"self":[{"href":"https:\/\/mebelunams.lv\/index.php?rest_route=\/wp\/v2\/product\/2014"}],"collection":[{"href":"https:\/\/mebelunams.lv\/index.php?rest_route=\/wp\/v2\/product"}],"about":[{"href":"https:\/\/mebelunams.lv\/index.php?rest_route=\/wp\/v2\/types\/product"}],"wp:featuredmedia":[{"embeddable":true,"href":"https:\/\/mebelunams.lv\/index.php?rest_route=\/wp\/v2\/media\/3200"}],"wp:attachment":[{"href":"https:\/\/mebelunams.lv\/index.php?rest_route=%2Fwp%2Fv2%2Fmedia&parent=2014"}],"wp:term":[{"taxonomy":"product_cat","embeddable":true,"href":"https:\/\/mebelunams.lv\/index.php?rest_route=%2Fwp%2Fv2%2Fproduct_cat&post=2014"},{"taxonomy":"product_tag","embeddable":true,"href":"https:\/\/mebelunams.lv\/index.php?rest_route=%2Fwp%2Fv2%2Fproduct_tag&post=2014"}],"curies":[{"name":"wp","href":"https:\/\/api.w.org\/{rel}","templated":true}]}}