{"id":2003,"date":"2021-01-11T13:27:15","date_gmt":"2021-01-11T11:27:15","guid":{"rendered":"https:\/\/mebelunams.lv\/?post_type=product&#038;p=2003"},"modified":"2021-12-19T14:24:24","modified_gmt":"2021-12-19T12:24:24","slug":"koka-virtuves","status":"publish","type":"product","link":"https:\/\/mebelunams.lv\/?product=koka-virtuves","title":{"rendered":"melnalk\u0161\u0146a virtuves"},"content":{"rendered":"","protected":false},"excerpt":{"rendered":"<p>Virtuves tiek ra\u017eotas no melnalk\u0161\u0146a koka (tum\u0161\u0101 vai gai\u0161\u0101 ton\u012b) p\u0113c J\u016bsu vajadz\u012bb\u0101m, ir pieejami da\u017e\u0101di modu\u013ci, furnit\u016bra, un var piel\u0101got izm\u0113rus. Visu iepriek\u0161 min\u0113to var atrun\u0101t m\u016bsu veikal\u0101 Maskavas iel\u0101 322.<\/p>\n<p>Skat. iecien\u012bt\u0101kos virtuves skap\u012b\u0161us &#8211; <a href=\"https:\/\/mebelunams.lv\/?product_cat=koka-virtuves\">https:\/\/mebelunams.lv\/?product_cat=koka-virtuves\u00a0(spiest \u0161eit)<\/a><\/p>\n<p>&nbsp;<\/p>\n<p>iesp\u0113ja pas\u016bt\u012bt cit\u0101s kr\u0101s\u0101s:<\/p>\n<p>&nbsp;<\/p>\n<p>rieksta tonis +15%<\/p>\n<p>piena tonis +20%<\/p>\n<p>mahagona tonis +30%<\/p>\n","protected":false},"featured_media":8143,"template":"","meta":{"neve_meta_sidebar":"","neve_meta_container":"","neve_meta_enable_content_width":"off","neve_meta_content_width":70,"neve_meta_title_alignment":"","neve_meta_author_avatar":"","neve_post_elements_order":"","neve_meta_disable_header":"","neve_meta_disable_footer":"","neve_meta_disable_title":""},"product_cat":[3282],"product_tag":[],"_links":{"self":[{"href":"https:\/\/mebelunams.lv\/index.php?rest_route=\/wp\/v2\/product\/2003"}],"collection":[{"href":"https:\/\/mebelunams.lv\/index.php?rest_route=\/wp\/v2\/product"}],"about":[{"href":"https:\/\/mebelunams.lv\/index.php?rest_route=\/wp\/v2\/types\/product"}],"wp:featuredmedia":[{"embeddable":true,"href":"https:\/\/mebelunams.lv\/index.php?rest_route=\/wp\/v2\/media\/8143"}],"wp:attachment":[{"href":"https:\/\/mebelunams.lv\/index.php?rest_route=%2Fwp%2Fv2%2Fmedia&parent=2003"}],"wp:term":[{"taxonomy":"product_cat","embeddable":true,"href":"https:\/\/mebelunams.lv\/index.php?rest_route=%2Fwp%2Fv2%2Fproduct_cat&post=2003"},{"taxonomy":"product_tag","embeddable":true,"href":"https:\/\/mebelunams.lv\/index.php?rest_route=%2Fwp%2Fv2%2Fproduct_tag&post=2003"}],"curies":[{"name":"wp","href":"https:\/\/api.w.org\/{rel}","templated":true}]}}