{"id":19443,"date":"2026-01-05T18:24:09","date_gmt":"2026-01-05T16:24:09","guid":{"rendered":"https:\/\/mebelunams.lv\/?post_type=product&#038;p=19443"},"modified":"2026-01-05T18:26:07","modified_gmt":"2026-01-05T16:26:07","slug":"bernu-kreslins-regulejams","status":"publish","type":"product","link":"https:\/\/mebelunams.lv\/?product=bernu-kreslins-regulejams","title":{"rendered":"B\u0113rnu kr\u0113sli\u0146\u0161 regul\u0113jams"},"content":{"rendered":"","protected":false},"excerpt":{"rendered":"<table border=\"0\" cellspacing=\"0\" cellpadding=\"0\" align=\"center\">\n<tbody>\n<tr>\n<td align=\"left\" valign=\"top\">\n<table cellspacing=\"1\" cellpadding=\"1\" align=\"left\">\n<tbody>\n<tr>\n<td class=\"row_title\" align=\"left\" width=\"120\">Nosaukums:<\/td>\n<td class=\"row_value\" align=\"left\" valign=\"top\"><b>B\u0113rnu kr\u0113sli\u0146\u0161<\/b><\/td>\n<\/tr>\n<tr>\n<td class=\"row_title\" align=\"left\">Pre\u010du grupa:<\/td>\n<td class=\"row_value\" align=\"left\" valign=\"top\">Mas\u012bvkoka m\u0113beles<\/td>\n<\/tr>\n<tr>\n<td class=\"row_title\" align=\"left\">Augstums:<\/td>\n<td class=\"row_value\" align=\"left\" valign=\"top\">kop\u0113jais augstums 57 cm s\u0113dek\u013ca augstums 34 cm<\/td>\n<\/tr>\n<tr>\n<td class=\"row_title\" align=\"left\">Platums:<\/td>\n<td class=\"row_value\" align=\"left\" valign=\"top\">28 cm<\/td>\n<\/tr>\n<tr>\n<td class=\"row_title\" align=\"left\">Dzi\u013cums:<\/td>\n<td class=\"row_value\" style=\"text-align: left;\" align=\"left\" valign=\"top\">33 cm<\/td>\n<\/tr>\n<\/tbody>\n<\/table>\n<\/td>\n<\/tr>\n<\/tbody>\n<\/table>\n","protected":false},"featured_media":19446,"template":"","meta":{"neve_meta_sidebar":"","neve_meta_container":"","neve_meta_enable_content_width":"off","neve_meta_content_width":100,"neve_meta_title_alignment":"","neve_meta_author_avatar":"","neve_post_elements_order":"","neve_meta_disable_header":"","neve_meta_disable_footer":"","neve_meta_disable_title":""},"product_cat":[44],"product_tag":[],"_links":{"self":[{"href":"https:\/\/mebelunams.lv\/index.php?rest_route=\/wp\/v2\/product\/19443"}],"collection":[{"href":"https:\/\/mebelunams.lv\/index.php?rest_route=\/wp\/v2\/product"}],"about":[{"href":"https:\/\/mebelunams.lv\/index.php?rest_route=\/wp\/v2\/types\/product"}],"wp:featuredmedia":[{"embeddable":true,"href":"https:\/\/mebelunams.lv\/index.php?rest_route=\/wp\/v2\/media\/19446"}],"wp:attachment":[{"href":"https:\/\/mebelunams.lv\/index.php?rest_route=%2Fwp%2Fv2%2Fmedia&parent=19443"}],"wp:term":[{"taxonomy":"product_cat","embeddable":true,"href":"https:\/\/mebelunams.lv\/index.php?rest_route=%2Fwp%2Fv2%2Fproduct_cat&post=19443"},{"taxonomy":"product_tag","embeddable":true,"href":"https:\/\/mebelunams.lv\/index.php?rest_route=%2Fwp%2Fv2%2Fproduct_tag&post=19443"}],"curies":[{"name":"wp","href":"https:\/\/api.w.org\/{rel}","templated":true}]}}