{"id":19384,"date":"2025-10-24T15:13:39","date_gmt":"2025-10-24T13:13:39","guid":{"rendered":"https:\/\/mebelunams.lv\/?post_type=product&#038;p=19384"},"modified":"2025-11-07T16:00:18","modified_gmt":"2025-11-07T14:00:18","slug":"divans-montana-corner-kopija","status":"publish","type":"product","link":"https:\/\/mebelunams.lv\/?product=divans-montana-corner-kopija","title":{"rendered":"d\u012bv\u0101ns Montana Corner"},"content":{"rendered":"","protected":false},"excerpt":{"rendered":"<div>\n<div><strong>Augstums<\/strong>: 82 cm<\/div>\n<div><strong>Platums<\/strong>: 275 cm<\/div>\n<div><strong>Dzi\u013cums<\/strong>: 220 cm<\/div>\n<div><strong>S\u0113dvieta:<\/strong> 63 cm dzi\u013c\u0161, 47 cm augsts<\/div>\n<div><b> Iesp\u0113ja pas\u016bt\u012bt uz 2026. gada febru\u0101ri.<\/b><\/div>\n<p>&nbsp;<\/p>\n<p>&nbsp;<\/p>\n<p>&nbsp;<\/p>\n<\/div>\n","protected":false},"featured_media":19294,"template":"","meta":{"neve_meta_sidebar":"","neve_meta_container":"","neve_meta_enable_content_width":"off","neve_meta_content_width":100,"neve_meta_title_alignment":"","neve_meta_author_avatar":"","neve_post_elements_order":"","neve_meta_disable_header":"","neve_meta_disable_footer":"","neve_meta_disable_title":""},"product_cat":[57,58],"product_tag":[],"_links":{"self":[{"href":"https:\/\/mebelunams.lv\/index.php?rest_route=\/wp\/v2\/product\/19384"}],"collection":[{"href":"https:\/\/mebelunams.lv\/index.php?rest_route=\/wp\/v2\/product"}],"about":[{"href":"https:\/\/mebelunams.lv\/index.php?rest_route=\/wp\/v2\/types\/product"}],"wp:featuredmedia":[{"embeddable":true,"href":"https:\/\/mebelunams.lv\/index.php?rest_route=\/wp\/v2\/media\/19294"}],"wp:attachment":[{"href":"https:\/\/mebelunams.lv\/index.php?rest_route=%2Fwp%2Fv2%2Fmedia&parent=19384"}],"wp:term":[{"taxonomy":"product_cat","embeddable":true,"href":"https:\/\/mebelunams.lv\/index.php?rest_route=%2Fwp%2Fv2%2Fproduct_cat&post=19384"},{"taxonomy":"product_tag","embeddable":true,"href":"https:\/\/mebelunams.lv\/index.php?rest_route=%2Fwp%2Fv2%2Fproduct_tag&post=19384"}],"curies":[{"name":"wp","href":"https:\/\/api.w.org\/{rel}","templated":true}]}}