{"id":19370,"date":"2025-10-17T14:40:46","date_gmt":"2025-10-17T12:40:46","guid":{"rendered":"https:\/\/mebelunams.lv\/?post_type=product&#038;p=19370"},"modified":"2025-10-17T14:46:10","modified_gmt":"2025-10-17T12:46:10","slug":"sekcija-loft-two","status":"publish","type":"product","link":"https:\/\/mebelunams.lv\/?product=sekcija-loft-two","title":{"rendered":"sekcija LOFT TWO"},"content":{"rendered":"","protected":false},"excerpt":{"rendered":"<p><strong>Augstums:\u00a0<\/strong>201 cm<br \/>\n<strong>Platums:\u00a0<\/strong>268 cm<br \/>\n<strong>Dzi\u013cums:<\/strong>\u00a044 cm<\/p>\n<pre id=\"tw-target-text\" class=\"tw-data-text tw-text-large tw-ta\" dir=\"ltr\" tabindex=\"-1\" role=\"text\" data-placeholder=\"Tulkojums\" data-ved=\"2ahUKEwjM5seai6uQAxVMERAIHabVM0MQ3ewLegQIDBAV\" aria-label=\"Tulkotais teksts: Moderna sienas sekcija ar graf\u012bta skaidu pl\u0101tnes korpusu (iek\u0161puse Artisan ozola apdar\u0113), MDF priek\u0161pusi no graf\u012bta supermat\u0113ta lamin\u0101ta un Artisan ozola apdares akcentiem. Sast\u0101v no vitr\u012bnas, TV stat\u012bva un sienas plaukta, ieskaitot LED apgaismojumu. Izm\u0113ri: aptuveni platums 288 cm, augstums 201 cm, dzi\u013cums 44 cm.\"><span class=\"Y2IQFc\" lang=\"lv\">Moderna sienas sekcija ar graf\u012bta skaidu pl\u0101tnes korpusu (iek\u0161puse Artisan ozola apdar\u0113), MDF priek\u0161pusi no graf\u012bta supermat\u0113ta lamin\u0101ta un Artisan ozola apdares akcentiem. Sast\u0101v no vitr\u012bnas, TV stat\u012bva un sienas plaukta, ieskaitot LED apgaismojumu.<\/span><\/pre>\n<p>Pieejams 10.2025 beig\u0101s veikala noliktav\u0101.<\/p>\n","protected":false},"featured_media":19355,"template":"","meta":{"neve_meta_sidebar":"","neve_meta_container":"","neve_meta_enable_content_width":"off","neve_meta_content_width":70,"neve_meta_title_alignment":"","neve_meta_author_avatar":"","neve_post_elements_order":"","neve_meta_disable_header":"","neve_meta_disable_footer":"","neve_meta_disable_title":""},"product_cat":[16],"product_tag":[],"_links":{"self":[{"href":"https:\/\/mebelunams.lv\/index.php?rest_route=\/wp\/v2\/product\/19370"}],"collection":[{"href":"https:\/\/mebelunams.lv\/index.php?rest_route=\/wp\/v2\/product"}],"about":[{"href":"https:\/\/mebelunams.lv\/index.php?rest_route=\/wp\/v2\/types\/product"}],"wp:featuredmedia":[{"embeddable":true,"href":"https:\/\/mebelunams.lv\/index.php?rest_route=\/wp\/v2\/media\/19355"}],"wp:attachment":[{"href":"https:\/\/mebelunams.lv\/index.php?rest_route=%2Fwp%2Fv2%2Fmedia&parent=19370"}],"wp:term":[{"taxonomy":"product_cat","embeddable":true,"href":"https:\/\/mebelunams.lv\/index.php?rest_route=%2Fwp%2Fv2%2Fproduct_cat&post=19370"},{"taxonomy":"product_tag","embeddable":true,"href":"https:\/\/mebelunams.lv\/index.php?rest_route=%2Fwp%2Fv2%2Fproduct_tag&post=19370"}],"curies":[{"name":"wp","href":"https:\/\/api.w.org\/{rel}","templated":true}]}}