{"id":19353,"date":"2025-10-17T13:36:35","date_gmt":"2025-10-17T11:36:35","guid":{"rendered":"https:\/\/mebelunams.lv\/?post_type=product&#038;p=19353"},"modified":"2025-10-17T13:39:46","modified_gmt":"2025-10-17T11:39:46","slug":"tv-plaukts-10j4gh32-loft-two","status":"publish","type":"product","link":"https:\/\/mebelunams.lv\/?product=tv-plaukts-10j4gh32-loft-two","title":{"rendered":"TV plaukts 10J4GH32 Loft-Two"},"content":{"rendered":"","protected":false},"excerpt":{"rendered":"<p><strong>Augstums: <\/strong>55 cm<br \/>\n<strong>Platums: <\/strong>192 cm<br \/>\n<strong>Dzi\u013cums:<\/strong> 44 cm<\/p>\n<pre id=\"tw-target-text\" class=\"tw-data-text tw-text-large tw-ta\" dir=\"ltr\" tabindex=\"-1\" role=\"text\" data-placeholder=\"Tulkojums\" data-ved=\"2ahUKEwjM5seai6uQAxVMERAIHabVM0MQ3ewLegQIDBAV\" aria-label=\"Tulkotais teksts: Moderns sienas skapis R\u0101mis izgatavots no graf\u012bta skaidu pl\u0101tnes (iek\u0161puse Artisan ozola apdar\u0113) Priek\u0161puse izgatavota no MDF ar supermat\u0113tu graf\u012bta lamin\u0101ta laku, akcenti Artisan ozola apdar\u0113 Ar vien\u0101m koka durv\u012bm un trim plauktiem Platums 36 cm, augstums 128 cm, dzi\u013cums 37 cm\"><span class=\"Y2IQFc\" lang=\"lv\">Moderns zemais TV skap\u012btis ar graf\u012bta skaidu pl\u0101tnes korpusu (iek\u0161puse Artisan ozola apdar\u0113), graf\u012bta lamin\u0101ta MDF priek\u0161pusi ar supermat\u0113tu graf\u012bta apdari un Artisan ozola apdares akcentu ar vien\u0101m nolai\u017eam\u0101m durv\u012bm, vienu atvilktni, vienu plauktu un vienu atv\u0113rtu nodal\u012bjumu.<\/span><\/pre>\n<pre id=\"tw-target-text\" class=\"tw-data-text tw-text-large tw-ta\" dir=\"ltr\" tabindex=\"-1\" role=\"text\" data-placeholder=\"Tulkojums\" data-ved=\"2ahUKEwiV5tbhk6mQAxXsGBAIHWnHLLgQ3ewLegQIDBAV\" aria-label=\"Tulkotais teksts: Moderns vitr\u012bnas skapis ar graf\u012bta skaidu pl\u0101tnes korpusu (iek\u0161puse Artisan ozola apdar\u0113), graf\u012bta lamin\u0101ta MDF priek\u0161pusi ar supermat\u0113tu graf\u012bta apdari un Artisan ozola apdares akcentiem. Skapim ir vienas stikla\/koka durvis, tr\u012bs koka durvis, divi struktur\u0101li plaukti, pieci plaukti un tr\u012bs stikla plaukti. Apr\u012bkots ar LED apgaismojumu. Platums 76 cm, augstums 201 cm, dzi\u013cums 37 cm.\">\r\n<\/pre>\n","protected":false},"featured_media":19358,"template":"","meta":{"neve_meta_sidebar":"","neve_meta_container":"","neve_meta_enable_content_width":"off","neve_meta_content_width":70,"neve_meta_title_alignment":"","neve_meta_author_avatar":"","neve_post_elements_order":"","neve_meta_disable_header":"","neve_meta_disable_footer":"","neve_meta_disable_title":""},"product_cat":[28],"product_tag":[],"_links":{"self":[{"href":"https:\/\/mebelunams.lv\/index.php?rest_route=\/wp\/v2\/product\/19353"}],"collection":[{"href":"https:\/\/mebelunams.lv\/index.php?rest_route=\/wp\/v2\/product"}],"about":[{"href":"https:\/\/mebelunams.lv\/index.php?rest_route=\/wp\/v2\/types\/product"}],"wp:featuredmedia":[{"embeddable":true,"href":"https:\/\/mebelunams.lv\/index.php?rest_route=\/wp\/v2\/media\/19358"}],"wp:attachment":[{"href":"https:\/\/mebelunams.lv\/index.php?rest_route=%2Fwp%2Fv2%2Fmedia&parent=19353"}],"wp:term":[{"taxonomy":"product_cat","embeddable":true,"href":"https:\/\/mebelunams.lv\/index.php?rest_route=%2Fwp%2Fv2%2Fproduct_cat&post=19353"},{"taxonomy":"product_tag","embeddable":true,"href":"https:\/\/mebelunams.lv\/index.php?rest_route=%2Fwp%2Fv2%2Fproduct_tag&post=19353"}],"curies":[{"name":"wp","href":"https:\/\/api.w.org\/{rel}","templated":true}]}}