{"id":19333,"date":"2025-10-16T18:41:23","date_gmt":"2025-10-16T16:41:23","guid":{"rendered":"https:\/\/mebelunams.lv\/?post_type=product&#038;p=19333"},"modified":"2025-10-16T18:44:47","modified_gmt":"2025-10-16T16:44:47","slug":"vitrina-10j4gh02-loft-two","status":"publish","type":"product","link":"https:\/\/mebelunams.lv\/?product=vitrina-10j4gh02-loft-two","title":{"rendered":"Vitr\u012bna 10J4GH02 Loft-Two"},"content":{"rendered":"","protected":false},"excerpt":{"rendered":"<p><strong>Augstums: <\/strong>201 cm<br \/>\n<strong>Platums: <\/strong>76 cm<br \/>\n<strong>Dzi\u013cums:<\/strong> 37 cm<\/p>\n<pre id=\"tw-target-text\" class=\"tw-data-text tw-text-large tw-ta\" dir=\"ltr\" tabindex=\"-1\" role=\"text\" data-placeholder=\"Tulkojums\" data-ved=\"2ahUKEwiV5tbhk6mQAxXsGBAIHWnHLLgQ3ewLegQIDBAV\" aria-label=\"Tulkotais teksts: Moderns vitr\u012bnas skapis ar graf\u012bta skaidu pl\u0101tnes korpusu (iek\u0161puse Artisan ozola apdar\u0113), graf\u012bta lamin\u0101ta MDF priek\u0161pusi ar supermat\u0113tu graf\u012bta apdari un Artisan ozola apdares akcentiem. Skapim ir vienas stikla\/koka durvis, tr\u012bs koka durvis, divi struktur\u0101li plaukti, pieci plaukti un tr\u012bs stikla plaukti. Apr\u012bkots ar LED apgaismojumu. Platums 76 cm, augstums 201 cm, dzi\u013cums 37 cm.\"><span class=\"Y2IQFc\" lang=\"lv\">Moderns vitr\u012bnas skapis ar graf\u012bta skaidu pl\u0101tnes korpusu (iek\u0161puse Artisan ozola apdar\u0113), graf\u012bta lamin\u0101ta MDF priek\u0161pusi ar supermat\u0113tu graf\u012bta apdari un Artisan ozola apdares akcentiem. Skapim ir vienas stikla\/koka durvis, tr\u012bs koka durvis, divi struktur\u0101li plaukti, pieci plaukti un tr\u012bs stikla plaukti. Apr\u012bkots ar LED apgaismojumu. <\/span><\/pre>\n<p>&nbsp;<\/p>\n<p>Pieejams 10.2025 beig\u0101s veikala noliktav\u0101.<\/p>\n","protected":false},"featured_media":19337,"template":"","meta":{"neve_meta_sidebar":"","neve_meta_container":"","neve_meta_enable_content_width":"off","neve_meta_content_width":70,"neve_meta_title_alignment":"","neve_meta_author_avatar":"","neve_post_elements_order":"","neve_meta_disable_header":"","neve_meta_disable_footer":"","neve_meta_disable_title":""},"product_cat":[22],"product_tag":[],"_links":{"self":[{"href":"https:\/\/mebelunams.lv\/index.php?rest_route=\/wp\/v2\/product\/19333"}],"collection":[{"href":"https:\/\/mebelunams.lv\/index.php?rest_route=\/wp\/v2\/product"}],"about":[{"href":"https:\/\/mebelunams.lv\/index.php?rest_route=\/wp\/v2\/types\/product"}],"wp:featuredmedia":[{"embeddable":true,"href":"https:\/\/mebelunams.lv\/index.php?rest_route=\/wp\/v2\/media\/19337"}],"wp:attachment":[{"href":"https:\/\/mebelunams.lv\/index.php?rest_route=%2Fwp%2Fv2%2Fmedia&parent=19333"}],"wp:term":[{"taxonomy":"product_cat","embeddable":true,"href":"https:\/\/mebelunams.lv\/index.php?rest_route=%2Fwp%2Fv2%2Fproduct_cat&post=19333"},{"taxonomy":"product_tag","embeddable":true,"href":"https:\/\/mebelunams.lv\/index.php?rest_route=%2Fwp%2Fv2%2Fproduct_tag&post=19333"}],"curies":[{"name":"wp","href":"https:\/\/api.w.org\/{rel}","templated":true}]}}