{"id":19255,"date":"2025-10-02T12:39:23","date_gmt":"2025-10-02T10:39:23","guid":{"rendered":"https:\/\/mebelunams.lv\/?post_type=product&#038;p=19255"},"modified":"2025-10-03T18:14:56","modified_gmt":"2025-10-03T16:14:56","slug":"lotus-160-x-200-x-30","status":"publish","type":"product","link":"https:\/\/mebelunams.lv\/?product=lotus-160-x-200-x-30","title":{"rendered":"LOTUS 160 X 200 x 30"},"content":{"rendered":"<!--[if lt IE 9]><script>document.createElement('video');<\/script><![endif]-->\n\t<div class=\"wp-playlist wp-video-playlist wp-playlist-light\">\n\t\t<video controls=\"controls\" preload=\"none\" width=\"1178\"\n\t\t height=\"2112\"\t><\/video>\n\t<div class=\"wp-playlist-next\"><\/div>\n\t<div class=\"wp-playlist-prev\"><\/div>\n\t<noscript>\n\t<ol>\n\t\t<li><a href='https:\/\/mebelunams.lv\/wp-content\/uploads\/2025\/10\/645b4461-caba-4960-a55c-5575aed07d51.mp4'>645b4461-caba-4960-a55c-5575aed07d51<\/a><\/li>\t<\/ol>\n\t<\/noscript>\n\t<script type=\"application\/json\" class=\"wp-playlist-script\">{\"type\":\"video\",\"tracklist\":true,\"tracknumbers\":true,\"images\":true,\"artists\":true,\"tracks\":[{\"src\":\"https:\\\/\\\/mebelunams.lv\\\/wp-content\\\/uploads\\\/2025\\\/10\\\/645b4461-caba-4960-a55c-5575aed07d51.mp4\",\"type\":\"video\\\/mp4\",\"title\":\"645b4461-caba-4960-a55c-5575aed07d51\",\"caption\":\"\",\"description\":\"\",\"meta\":{\"length_formatted\":\"0:11\"},\"dimensions\":{\"original\":{\"width\":464,\"height\":832},\"resized\":{\"width\":1178,\"height\":2112}},\"image\":{\"src\":\"https:\\\/\\\/mebelunams.lv\\\/wp-includes\\\/images\\\/media\\\/video.png\",\"width\":48,\"height\":64},\"thumb\":{\"src\":\"https:\\\/\\\/mebelunams.lv\\\/wp-includes\\\/images\\\/media\\\/video.png\",\"width\":48,\"height\":64}}]}<\/script>\n<\/div>\n\t\n","protected":false},"excerpt":{"rendered":"<p>140*200 &#8211; 265.- eiro<\/p>\n<p>160*200 &#8211; 299.- eiro<\/p>\n<p>180*200 &#8211; 330.- eiro<\/p>\n<p>Matracis Lotus. Pie\u013caujam\u0101 past\u0101v\u012bg\u0101 slodze uz vienu gu\u013camvietu 130 kg. Neatkar\u012bgas 5 zonu atsperes Pocket 24 cm. augstum\u0101. Perimetra pastiprin\u0101jums pal\u012bdz ilgsto\u0161i uztur\u0113t matra\u010da formu. Trikot\u0101\u017eas audums, \u201cMemory foam\u201d putas, putupoliuret\u0101ns un putupoliuret\u0101na putas, neaustais materi\u0101ls \u201cspunbond\u201d , vatel\u012bns un filcs matra\u010da sl\u0101\u0146os \u013cauj gais\u0101m\u00a0 labi cirkul\u0113t, tas\u00a0 pal\u012bdz uzs\u016bkt mitrumu un to izvad\u012bt no matra\u010da. Vienpus\u0113js matracis \u2013 vid\u0113ji ciets. Matra\u010da augstums 27 cm.<\/p>\n","protected":false},"featured_media":19267,"template":"","meta":{"neve_meta_sidebar":"","neve_meta_container":"","neve_meta_enable_content_width":"off","neve_meta_content_width":70,"neve_meta_title_alignment":"","neve_meta_author_avatar":"","neve_post_elements_order":"","neve_meta_disable_header":"","neve_meta_disable_footer":"","neve_meta_disable_title":""},"product_cat":[52,25],"product_tag":[],"_links":{"self":[{"href":"https:\/\/mebelunams.lv\/index.php?rest_route=\/wp\/v2\/product\/19255"}],"collection":[{"href":"https:\/\/mebelunams.lv\/index.php?rest_route=\/wp\/v2\/product"}],"about":[{"href":"https:\/\/mebelunams.lv\/index.php?rest_route=\/wp\/v2\/types\/product"}],"wp:featuredmedia":[{"embeddable":true,"href":"https:\/\/mebelunams.lv\/index.php?rest_route=\/wp\/v2\/media\/19267"}],"wp:attachment":[{"href":"https:\/\/mebelunams.lv\/index.php?rest_route=%2Fwp%2Fv2%2Fmedia&parent=19255"}],"wp:term":[{"taxonomy":"product_cat","embeddable":true,"href":"https:\/\/mebelunams.lv\/index.php?rest_route=%2Fwp%2Fv2%2Fproduct_cat&post=19255"},{"taxonomy":"product_tag","embeddable":true,"href":"https:\/\/mebelunams.lv\/index.php?rest_route=%2Fwp%2Fv2%2Fproduct_tag&post=19255"}],"curies":[{"name":"wp","href":"https:\/\/api.w.org\/{rel}","templated":true}]}}