{"id":19239,"date":"2025-10-02T10:55:45","date_gmt":"2025-10-02T08:55:45","guid":{"rendered":"https:\/\/mebelunams.lv\/?post_type=product&#038;p=19239"},"modified":"2026-03-20T18:26:51","modified_gmt":"2026-03-20T16:26:51","slug":"gulta-milana","status":"publish","type":"product","link":"https:\/\/mebelunams.lv\/?product=gulta-milana","title":{"rendered":"gulta MILANA"},"content":{"rendered":"","protected":false},"excerpt":{"rendered":"<div class=\"row\">\n<div class=\"col-xs-6 col-md-6\">\n<p><strong>Divviet\u012bga gulta ar pace\u013camo meh\u0101nismu, ve\u013cas kasti (matracis cen\u0101 nav iek\u013cauts).<\/strong><\/p>\n<p><strong>Nepiecie\u0161amais matra\u010da izm\u0113rs:<\/strong>\u00a0160 x 200 cm<\/p>\n<p><strong>Citi izm\u0113ri:<\/strong><\/p>\n<p><strong>160 x 200 \u2013 284 Eur<\/strong><\/p>\n<p>kr\u0101sas:\u00a0 b\u0113\u0161a<\/p>\n<p>&nbsp;<\/p>\n<\/div>\n<div><\/div>\n<\/div>\n","protected":false},"featured_media":19246,"template":"","meta":{"neve_meta_sidebar":"","neve_meta_container":"","neve_meta_enable_content_width":"off","neve_meta_content_width":70,"neve_meta_title_alignment":"","neve_meta_author_avatar":"","neve_post_elements_order":"","neve_meta_disable_header":"","neve_meta_disable_footer":"","neve_meta_disable_title":""},"product_cat":[38,24],"product_tag":[],"_links":{"self":[{"href":"https:\/\/mebelunams.lv\/index.php?rest_route=\/wp\/v2\/product\/19239"}],"collection":[{"href":"https:\/\/mebelunams.lv\/index.php?rest_route=\/wp\/v2\/product"}],"about":[{"href":"https:\/\/mebelunams.lv\/index.php?rest_route=\/wp\/v2\/types\/product"}],"wp:featuredmedia":[{"embeddable":true,"href":"https:\/\/mebelunams.lv\/index.php?rest_route=\/wp\/v2\/media\/19246"}],"wp:attachment":[{"href":"https:\/\/mebelunams.lv\/index.php?rest_route=%2Fwp%2Fv2%2Fmedia&parent=19239"}],"wp:term":[{"taxonomy":"product_cat","embeddable":true,"href":"https:\/\/mebelunams.lv\/index.php?rest_route=%2Fwp%2Fv2%2Fproduct_cat&post=19239"},{"taxonomy":"product_tag","embeddable":true,"href":"https:\/\/mebelunams.lv\/index.php?rest_route=%2Fwp%2Fv2%2Fproduct_tag&post=19239"}],"curies":[{"name":"wp","href":"https:\/\/api.w.org\/{rel}","templated":true}]}}