{"id":19211,"date":"2025-09-18T18:20:34","date_gmt":"2025-09-18T16:20:34","guid":{"rendered":"https:\/\/mebelunams.lv\/?post_type=product&#038;p=19211"},"modified":"2025-09-18T18:24:42","modified_gmt":"2025-09-18T16:24:42","slug":"izvelkamais-divans-brussel","status":"publish","type":"product","link":"https:\/\/mebelunams.lv\/?product=izvelkamais-divans-brussel","title":{"rendered":"izvelkamais d\u012bvans BRUSSEL"},"content":{"rendered":"","protected":false},"excerpt":{"rendered":"<p><strong>195*95*95, augstums no gr\u012bdas-48 cm.<\/strong><\/p>\n<p><strong>Gu\u013camvieta-1450*1900.Matra\u010da augstums 13 cm.<\/strong><\/p>\n<ul class=\"one_product_1\">\n<li class=\"one_product_3_1\"><strong>Jaunums!!!\u00a0<\/strong><br \/>\nD\u012bv\u0101ns-gulta Brussel.\u00a0D\u012bv\u0101ns atveras uz priek\u0161u k\u0101 saliekam\u0101 gulta.<\/li>\n<li class=\"one_product_3_1\">Matra\u010da\u00a0 augstums 13 cm. un pild\u012bjums-puta Memory foam.<\/li>\n<li class=\"one_product_3_1\">Gu\u013camvietas platums 145 cm.,garums 190 cm. Loti stab\u012bls met\u0101la meh\u0101nisms.<\/li>\n<li class=\"one_product_3_1\">D\u012bv\u0101n\u0430\u00a0 spilveni m\u012bksti un \u0113rti.\u00a0Neskatoties uz kompakto izm\u0113ru , \u0161is d\u012bv\u0101ns ir piem\u0113rots ikdienas lieto\u0161anai un neaiz\u0146ems daudz vietas.<\/li>\n<\/ul>\n","protected":false},"featured_media":19222,"template":"","meta":{"neve_meta_sidebar":"","neve_meta_container":"","neve_meta_enable_content_width":"off","neve_meta_content_width":70,"neve_meta_title_alignment":"","neve_meta_author_avatar":"","neve_post_elements_order":"","neve_meta_disable_header":"","neve_meta_disable_footer":"","neve_meta_disable_title":""},"product_cat":[43,56,3197],"product_tag":[],"_links":{"self":[{"href":"https:\/\/mebelunams.lv\/index.php?rest_route=\/wp\/v2\/product\/19211"}],"collection":[{"href":"https:\/\/mebelunams.lv\/index.php?rest_route=\/wp\/v2\/product"}],"about":[{"href":"https:\/\/mebelunams.lv\/index.php?rest_route=\/wp\/v2\/types\/product"}],"wp:featuredmedia":[{"embeddable":true,"href":"https:\/\/mebelunams.lv\/index.php?rest_route=\/wp\/v2\/media\/19222"}],"wp:attachment":[{"href":"https:\/\/mebelunams.lv\/index.php?rest_route=%2Fwp%2Fv2%2Fmedia&parent=19211"}],"wp:term":[{"taxonomy":"product_cat","embeddable":true,"href":"https:\/\/mebelunams.lv\/index.php?rest_route=%2Fwp%2Fv2%2Fproduct_cat&post=19211"},{"taxonomy":"product_tag","embeddable":true,"href":"https:\/\/mebelunams.lv\/index.php?rest_route=%2Fwp%2Fv2%2Fproduct_tag&post=19211"}],"curies":[{"name":"wp","href":"https:\/\/api.w.org\/{rel}","templated":true}]}}