{"id":19195,"date":"2025-09-11T14:23:28","date_gmt":"2025-09-11T12:23:28","guid":{"rendered":"https:\/\/mebelunams.lv\/?post_type=product&#038;p=19195"},"modified":"2025-09-11T14:29:28","modified_gmt":"2025-09-11T12:29:28","slug":"balance-memory-90-x-200","status":"publish","type":"product","link":"https:\/\/mebelunams.lv\/?product=balance-memory-90-x-200","title":{"rendered":"Balance memory 90 X 200"},"content":{"rendered":"","protected":false},"excerpt":{"rendered":"<h4>Balance Memory matracis &#8211; l\u012bdzsvarots komforts katrai dienai<\/h4>\n<p>Balance Memory\u00a0ir daudzpus\u012bgs divpus\u0113js matracis tiem, kas dod priek\u0161roku\u00a0m\u012bkstumam vien\u0101 pus\u0113 (4\/10)\u00a0un\u00a0m\u0113renai stingr\u012bbai otr\u0101 pus\u0113 (7\/10). Tas ir piem\u0113rots tiem, kas mekl\u0113\u00a0klasisku komfortu bez liekas maksas\u00a0&#8211; uzticama izv\u0113le gul\u0113\u0161anai p\u0101r\u012b, visai \u0123imenei, pieaugu\u0161ajiem un pusaud\u017eiem.<\/p>\n<p>Tam ir\u00a013 tehnolo\u0123iskie sl\u0101\u0146i, tostarp m\u012bkstais pild\u012bjums un Pocket Spring vien\u012bba pareizam mugurkaula atbalstam. Pateicoties\u00a027 cm\u00a0augstumam, matracis ir \u0113rts gan standarta gult\u0101m, gan augstiem pamatiem. Iztur l\u012bdz 250 kg &#8211; j\u016bs varat gul\u0113t divat\u0101, nerisk\u0113jot, ka matracis nosl\u012bd\u0113s vai izkrop\u013cosies.<\/p>\n<p>Balance Memory ir\u00a0b\u0101zes modelis\u00a0ar vislab\u0101kaj\u0101m pild\u012bjuma trad\u012bcij\u0101m: bez p\u0101rslodzes un liekiem elementiem, tikai viss nepiecie\u0161amais vesel\u012bgam miegam. \u0100r\u0113j\u0101 apdare ir gl\u012bta, ar\u00a0stripainu apdari, kas izce\u013c formas t\u012br\u012bbu un \u0123eometriju.<\/p>\n<hr \/>\n<h4>Raksturojums:<\/h4>\n<ul>\n<li>Izm\u0113ri: 90\u00d7200 = 179.- eiro<\/li>\n<li>120 x 200 = 199.-<\/li>\n<li>140\u00d7200 &#8211; 251.-<\/li>\n<li>160\u00d7200 &#8211; 263.-<\/li>\n<li>180\u00d7200 &#8211; 312.-<\/li>\n<li>Augstums: 27 cm<\/li>\n<li>S\u0101nu st\u012bvums: 4 \/ 7<\/li>\n<li>Divpus\u0113ja: j\u0101<\/li>\n<li>Sast\u0101vs: 13 sl\u0101\u0146i, tostarp Memory putas un Pocket Spring.<\/li>\n<li>Maksim\u0101l\u0101 slodze: 250 kg<\/li>\n<li>Garantija: 2 gadi<\/li>\n<li>Pieejams: j\u0101<\/li>\n<\/ul>\n<hr \/>\n<h4>Superpriek\u0161roc\u012bbas:<\/h4>\n<ul>\n<li>Divi stingr\u012bbas l\u012bme\u0146i: m\u012bksts un stingrs.<\/li>\n<li>Piem\u0113rots p\u0101riem un \u0123imen\u0113m<\/li>\n<li>\u0112rts augstums: \u0113rti lietojams<\/li>\n<li>Pamata modelis ar p\u0101rbaud\u012btu pild\u012bjumu.<\/li>\n<\/ul>\n<p>&nbsp;<\/p>\n","protected":false},"featured_media":18804,"template":"","meta":{"neve_meta_sidebar":"","neve_meta_container":"","neve_meta_enable_content_width":"off","neve_meta_content_width":70,"neve_meta_title_alignment":"","neve_meta_author_avatar":"","neve_post_elements_order":"","neve_meta_disable_header":"","neve_meta_disable_footer":"","neve_meta_disable_title":""},"product_cat":[48],"product_tag":[],"_links":{"self":[{"href":"https:\/\/mebelunams.lv\/index.php?rest_route=\/wp\/v2\/product\/19195"}],"collection":[{"href":"https:\/\/mebelunams.lv\/index.php?rest_route=\/wp\/v2\/product"}],"about":[{"href":"https:\/\/mebelunams.lv\/index.php?rest_route=\/wp\/v2\/types\/product"}],"wp:featuredmedia":[{"embeddable":true,"href":"https:\/\/mebelunams.lv\/index.php?rest_route=\/wp\/v2\/media\/18804"}],"wp:attachment":[{"href":"https:\/\/mebelunams.lv\/index.php?rest_route=%2Fwp%2Fv2%2Fmedia&parent=19195"}],"wp:term":[{"taxonomy":"product_cat","embeddable":true,"href":"https:\/\/mebelunams.lv\/index.php?rest_route=%2Fwp%2Fv2%2Fproduct_cat&post=19195"},{"taxonomy":"product_tag","embeddable":true,"href":"https:\/\/mebelunams.lv\/index.php?rest_route=%2Fwp%2Fv2%2Fproduct_tag&post=19195"}],"curies":[{"name":"wp","href":"https:\/\/api.w.org\/{rel}","templated":true}]}}