{"id":19127,"date":"2025-07-28T14:09:52","date_gmt":"2025-07-28T12:09:52","guid":{"rendered":"https:\/\/mebelunams.lv\/?post_type=product&#038;p=19127"},"modified":"2025-07-28T14:11:41","modified_gmt":"2025-07-28T12:11:41","slug":"matracis-luxury-dream-pocket-coco-180-copy","status":"publish","type":"product","link":"https:\/\/mebelunams.lv\/?product=matracis-luxury-dream-pocket-coco-180-copy","title":{"rendered":"matracis LUXURY DREAM POCKET COCO 140"},"content":{"rendered":"","protected":false},"excerpt":{"rendered":"<div class=\"title\">Parametri<\/div>\n<table>\n<tbody>\n<tr>\n<td><img decoding=\"async\" src=\"https:\/\/www.24a.lv\/img\/icons\/products\/width.png?1551991687\" alt=\"width\" \/><\/td>\n<td>Platums: 140 cm<\/td>\n<\/tr>\n<tr>\n<td><img decoding=\"async\" src=\"https:\/\/www.24a.lv\/img\/icons\/products\/height.png?1551991687\" alt=\"height\" \/><\/td>\n<td>Augstums: 28 cm<\/td>\n<\/tr>\n<tr>\n<td><img decoding=\"async\" src=\"https:\/\/www.24a.lv\/img\/icons\/products\/depth.png?1551991687\" alt=\"depth\" \/><\/td>\n<td>Dzi\u013cums: 200 cm<\/td>\n<\/tr>\n<tr>\n<td><img decoding=\"async\" src=\"https:\/\/www.24a.lv\/img\/icons\/products\/bedspace.png?1551991687\" alt=\"bedspace\" \/><\/td>\n<td>Gu\u013camvieta: 140\u00d7200 cm<\/td>\n<\/tr>\n<tr>\n<td><img decoding=\"async\" src=\"https:\/\/www.24a.lv\/img\/icons\/products\/weight.png?1551991687\" alt=\"weight\" \/><\/td>\n<td>Svars: 40 kg<\/td>\n<\/tr>\n<\/tbody>\n<\/table>\n<div class=\"richtext\">\n<p>PPU + Air putas<br \/>\nKokoss<br \/>\n\u201cHigh pocket\u201d atsperes<br \/>\nKokoss<br \/>\nPPU + Air putas<\/p>\n<\/div>\n<div class=\"richtext attributes\">\n<ul>\n<li>Atsperu veids: Pocket atsperes<\/li>\n<li>Pie\u013caujam\u0101 slodze uz vienu gu\u013camvietu L\u012bdz 140 kg<\/li>\n<li>Stingrums: Vid\u0113ji ciets<\/li>\n<li>Iepakojums: Dubulta bl\u012bva pl\u0113ve, sarull\u0113ts<\/li>\n<li>Neno\u0146emams p\u0101rvalks<\/li>\n<\/ul>\n<\/div>\n<hr \/>\n<div class=\"richtext general-description\">\n<ul>\n<li>Preces kr\u0101sa, kura ir nor\u0101d\u012bta bild\u0113, var nenoz\u012bm\u012bgi at\u0161\u0137irties, bet inform\u0101cija preces aprakst\u0101 ir visp\u0101r\u012bga, t\u0101p\u0113c, iesp\u0113jams, ka nav min\u0113ti visi preces raksturlielumi.<\/li>\n<li>Pirms s\u0101kat ieg\u0101d\u0101to preci izmantot, l\u016bdzam r\u016bp\u012bgi iepaz\u012bties ar preces lieto\u0161anas instrukciju, ja t\u0101da ir paredz\u0113ta no ra\u017eot\u0101ja puses. Preci lietojiet tikai saska\u0146\u0101 ar t\u0101s ra\u017eot\u0101ja nor\u0101d\u012bjumiem, atbilsto\u0161i preces \u012bpa\u0161\u012bb\u0101m un paredz\u0113tajiem lieto\u0161anas m\u0113r\u0137iem.<\/li>\n<\/ul>\n<\/div>\n","protected":false},"featured_media":19001,"template":"","meta":{"neve_meta_sidebar":"","neve_meta_container":"","neve_meta_enable_content_width":"off","neve_meta_content_width":100,"neve_meta_title_alignment":"","neve_meta_author_avatar":"","neve_post_elements_order":"","neve_meta_disable_header":"","neve_meta_disable_footer":"","neve_meta_disable_title":""},"product_cat":[51],"product_tag":[],"_links":{"self":[{"href":"https:\/\/mebelunams.lv\/index.php?rest_route=\/wp\/v2\/product\/19127"}],"collection":[{"href":"https:\/\/mebelunams.lv\/index.php?rest_route=\/wp\/v2\/product"}],"about":[{"href":"https:\/\/mebelunams.lv\/index.php?rest_route=\/wp\/v2\/types\/product"}],"wp:featuredmedia":[{"embeddable":true,"href":"https:\/\/mebelunams.lv\/index.php?rest_route=\/wp\/v2\/media\/19001"}],"wp:attachment":[{"href":"https:\/\/mebelunams.lv\/index.php?rest_route=%2Fwp%2Fv2%2Fmedia&parent=19127"}],"wp:term":[{"taxonomy":"product_cat","embeddable":true,"href":"https:\/\/mebelunams.lv\/index.php?rest_route=%2Fwp%2Fv2%2Fproduct_cat&post=19127"},{"taxonomy":"product_tag","embeddable":true,"href":"https:\/\/mebelunams.lv\/index.php?rest_route=%2Fwp%2Fv2%2Fproduct_tag&post=19127"}],"curies":[{"name":"wp","href":"https:\/\/api.w.org\/{rel}","templated":true}]}}