{"id":19113,"date":"2025-07-23T12:16:55","date_gmt":"2025-07-23T10:16:55","guid":{"rendered":"https:\/\/mebelunams.lv\/?post_type=product&#038;p=19113"},"modified":"2025-07-23T12:20:11","modified_gmt":"2025-07-23T10:20:11","slug":"gulta-glasgow-200-x-200","status":"publish","type":"product","link":"https:\/\/mebelunams.lv\/?product=gulta-glasgow-200-x-200","title":{"rendered":"gulta Glasgow 200 X 200"},"content":{"rendered":"","protected":false},"excerpt":{"rendered":"<p>Gulta ar pacel\u0161anas meh\u0101nismu, ve\u013cas kasti. Grezns, m\u012bksts galvgalis un m\u012bkstas malas.<\/p>\n<p>Matracis cen\u0101 nav iek\u013cauts.<\/p>\n<p>VISP\u0100R\u012aG\u0100S \u012aPA\u0160\u012aBAS:<br \/>\n\u2022 Moderns dizains<br \/>\n\u2022 Iztur\u012bga strukt\u016bra<br \/>\n\u2022 Liela ve\u013cas kaste<\/p>\n<p>Cena gultai ar matraci ir 1457.- eiro<\/p>\n<p>&nbsp;<\/p>\n","protected":false},"featured_media":17936,"template":"","meta":{"neve_meta_sidebar":"","neve_meta_container":"","neve_meta_enable_content_width":"off","neve_meta_content_width":70,"neve_meta_title_alignment":"","neve_meta_author_avatar":"","neve_post_elements_order":"","neve_meta_disable_header":"","neve_meta_disable_footer":"","neve_meta_disable_title":""},"product_cat":[3334],"product_tag":[],"_links":{"self":[{"href":"https:\/\/mebelunams.lv\/index.php?rest_route=\/wp\/v2\/product\/19113"}],"collection":[{"href":"https:\/\/mebelunams.lv\/index.php?rest_route=\/wp\/v2\/product"}],"about":[{"href":"https:\/\/mebelunams.lv\/index.php?rest_route=\/wp\/v2\/types\/product"}],"wp:featuredmedia":[{"embeddable":true,"href":"https:\/\/mebelunams.lv\/index.php?rest_route=\/wp\/v2\/media\/17936"}],"wp:attachment":[{"href":"https:\/\/mebelunams.lv\/index.php?rest_route=%2Fwp%2Fv2%2Fmedia&parent=19113"}],"wp:term":[{"taxonomy":"product_cat","embeddable":true,"href":"https:\/\/mebelunams.lv\/index.php?rest_route=%2Fwp%2Fv2%2Fproduct_cat&post=19113"},{"taxonomy":"product_tag","embeddable":true,"href":"https:\/\/mebelunams.lv\/index.php?rest_route=%2Fwp%2Fv2%2Fproduct_tag&post=19113"}],"curies":[{"name":"wp","href":"https:\/\/api.w.org\/{rel}","templated":true}]}}