{"id":19112,"date":"2025-07-23T12:14:45","date_gmt":"2025-07-23T10:14:45","guid":{"rendered":"https:\/\/mebelunams.lv\/?post_type=product&#038;p=19112"},"modified":"2026-03-19T16:09:54","modified_gmt":"2026-03-19T14:09:54","slug":"matracis-glasgow-200-x-200","status":"publish","type":"product","link":"https:\/\/mebelunams.lv\/?product=matracis-glasgow-200-x-200","title":{"rendered":"matracis Glasgow 200 X 200"},"content":{"rendered":"","protected":false},"excerpt":{"rendered":"<p>Pilns ortop\u0113diskais\u00a0 Suna (Glasgow) matracis nodro\u0161ina papildu komfortu un vieglumu pateicoties kombin\u0113tajam paliktnim, kas veido gul\u0113\u0161anas virsmu. \u012apa\u0161i m\u012bksti komforta sl\u0101\u0146i uzlabo miega kvalit\u0101ti visas nakts garum\u0101. T\u0101 gaisu caurlaid\u012bgais audums pal\u012bdz nov\u0113rst sliktas smakas veido\u0161anos, vienlaikus nodro\u0161inot svaigu gul\u0113\u0161anas vidi. Tas atbalsta j\u016bsu dzi\u013cu miegu ar pretsl\u012bdes funkciju uz apak\u0161\u0113j\u0101 auduma. Pocket Spring tehnolo\u0123ija gu\u013cot rada \u0137erme\u0146a apsk\u0101vienu saj\u016btu, vienm\u0113r\u012bgi un harmoniski sadalot \u0137erme\u0146a svaru.\u00a0Papildus var pas\u016bt\u012bt-gultu Glasgow.<\/p>\n","protected":false},"featured_media":18599,"template":"","meta":{"neve_meta_sidebar":"","neve_meta_container":"","neve_meta_enable_content_width":"off","neve_meta_content_width":100,"neve_meta_title_alignment":"","neve_meta_author_avatar":"","neve_post_elements_order":"","neve_meta_disable_header":"","neve_meta_disable_footer":"","neve_meta_disable_title":""},"product_cat":[76],"product_tag":[],"_links":{"self":[{"href":"https:\/\/mebelunams.lv\/index.php?rest_route=\/wp\/v2\/product\/19112"}],"collection":[{"href":"https:\/\/mebelunams.lv\/index.php?rest_route=\/wp\/v2\/product"}],"about":[{"href":"https:\/\/mebelunams.lv\/index.php?rest_route=\/wp\/v2\/types\/product"}],"wp:featuredmedia":[{"embeddable":true,"href":"https:\/\/mebelunams.lv\/index.php?rest_route=\/wp\/v2\/media\/18599"}],"wp:attachment":[{"href":"https:\/\/mebelunams.lv\/index.php?rest_route=%2Fwp%2Fv2%2Fmedia&parent=19112"}],"wp:term":[{"taxonomy":"product_cat","embeddable":true,"href":"https:\/\/mebelunams.lv\/index.php?rest_route=%2Fwp%2Fv2%2Fproduct_cat&post=19112"},{"taxonomy":"product_tag","embeddable":true,"href":"https:\/\/mebelunams.lv\/index.php?rest_route=%2Fwp%2Fv2%2Fproduct_tag&post=19112"}],"curies":[{"name":"wp","href":"https:\/\/api.w.org\/{rel}","templated":true}]}}