{"id":19110,"date":"2025-07-23T11:26:02","date_gmt":"2025-07-23T09:26:02","guid":{"rendered":"https:\/\/mebelunams.lv\/?post_type=product&#038;p=19110"},"modified":"2025-07-23T11:27:32","modified_gmt":"2025-07-23T09:27:32","slug":"belecia-komplekts-180","status":"publish","type":"product","link":"https:\/\/mebelunams.lv\/?product=belecia-komplekts-180","title":{"rendered":"Belecia komplekts 180"},"content":{"rendered":"","protected":false},"excerpt":{"rendered":"<p>Mugurinas augstums-122 cm.<\/p>\n<p>Matra\u010da augstums-27 cm.<\/p>\n<p>Augstums no gr\u012bdas kop\u0101 ar matraci-67 cm.<\/p>\n<p><strong>Komforta un m\u016bsdien\u012bga stila apvienojums<\/strong>\u00a0\u2013 gulta ar unik\u0101lu galvgala dizainu k\u013c\u016bs par spilgtu akcentu jebkur\u0101 gu\u013camistab\u0101.\u00a0<strong>M\u012bksta samta apdare,\u00a0ietilp\u012bga uzglab\u0101\u0161anas kaste\u00a0un\u00a0iztur\u012bgs met\u0101la r\u0101mis<\/strong>\u00a0\u2013 \u0161\u012b gulta ir p\u0101rdom\u0101ta l\u012bdz viss\u012bk\u0101kajai deta\u013cai, lai apmierin\u0101tu tos, kas nov\u0113rt\u0113 kvalit\u0101ti un stilu.<\/p>\n<p><strong>Galven\u0101s priek\u0161roc\u012bbas:<\/strong><\/p>\n<p><strong>Tr\u012bs izm\u0113ri p\u0113c izv\u0113les:<\/strong><\/p>\n<div>140 x 200 \u2013 879.- eiro<\/div>\n<div>160 x 200 \u2013 899.- eiro<\/div>\n<div>180 x 200 \u2013 939.- eiro<\/div>\n<div>\u00a0lai atrastu ide\u0101lo variantu j\u016bsu telpai.<\/div>\n<div>\u2022\u00a0<strong>Divas stil\u012bgas kr\u0101sas<\/strong>\u00a0\u2013 b\u0113\u0161s un pel\u0113ks, kas viegli sader ar jebkuru interjeru.<\/div>\n<div>\u2022\u00a0<strong>Piem\u0113rota robotputek\u013cs\u016bc\u0113jam<\/strong>: vieta zem gultas paliek t\u012bra bez piep\u016bles.<\/div>\n","protected":false},"featured_media":19102,"template":"","meta":{"neve_meta_sidebar":"","neve_meta_container":"","neve_meta_enable_content_width":"off","neve_meta_content_width":70,"neve_meta_title_alignment":"","neve_meta_author_avatar":"","neve_post_elements_order":"","neve_meta_disable_header":"","neve_meta_disable_footer":"","neve_meta_disable_title":""},"product_cat":[39],"product_tag":[],"_links":{"self":[{"href":"https:\/\/mebelunams.lv\/index.php?rest_route=\/wp\/v2\/product\/19110"}],"collection":[{"href":"https:\/\/mebelunams.lv\/index.php?rest_route=\/wp\/v2\/product"}],"about":[{"href":"https:\/\/mebelunams.lv\/index.php?rest_route=\/wp\/v2\/types\/product"}],"wp:featuredmedia":[{"embeddable":true,"href":"https:\/\/mebelunams.lv\/index.php?rest_route=\/wp\/v2\/media\/19102"}],"wp:attachment":[{"href":"https:\/\/mebelunams.lv\/index.php?rest_route=%2Fwp%2Fv2%2Fmedia&parent=19110"}],"wp:term":[{"taxonomy":"product_cat","embeddable":true,"href":"https:\/\/mebelunams.lv\/index.php?rest_route=%2Fwp%2Fv2%2Fproduct_cat&post=19110"},{"taxonomy":"product_tag","embeddable":true,"href":"https:\/\/mebelunams.lv\/index.php?rest_route=%2Fwp%2Fv2%2Fproduct_tag&post=19110"}],"curies":[{"name":"wp","href":"https:\/\/api.w.org\/{rel}","templated":true}]}}