{"id":19083,"date":"2025-07-23T10:11:49","date_gmt":"2025-07-23T08:11:49","guid":{"rendered":"https:\/\/mebelunams.lv\/?post_type=product&#038;p=19083"},"modified":"2025-07-23T10:14:19","modified_gmt":"2025-07-23T08:14:19","slug":"kresls-orion","status":"publish","type":"product","link":"https:\/\/mebelunams.lv\/?product=kresls-orion","title":{"rendered":"kr\u0113sls ORION"},"content":{"rendered":"","protected":false},"excerpt":{"rendered":"<p>Kr\u0101sa: b\u0113\u0161a, pel\u0113ka, gai\u0161i pel\u0113ka.<\/p>\n<table class=\"woocommerce-product-attributes shop_attributes\" aria-label=\"Product Details\">\n<tbody>\n<tr class=\"woocommerce-product-attributes-item woocommerce-product-attributes-item--weight\">\n<th class=\"woocommerce-product-attributes-item__label\" scope=\"row\">Svars<\/th>\n<td class=\"woocommerce-product-attributes-item__value\">9,6 kg<\/td>\n<\/tr>\n<tr class=\"woocommerce-product-attributes-item woocommerce-product-attributes-item--dimensions\">\n<th class=\"woocommerce-product-attributes-item__label\" scope=\"row\">Dimensijas<\/th>\n<td class=\"woocommerce-product-attributes-item__value\">63 \u00d7 62 \u00d7 85 cm<\/td>\n<\/tr>\n<\/tbody>\n<\/table>\n<p>Pas\u016bt\u012bjuma izpildes laiks 1-2 ned\u0113\u013cas.<\/p>\n<p>&nbsp;<\/p>\n<p>&nbsp;<\/p>\n","protected":false},"featured_media":19088,"template":"","meta":{"neve_meta_sidebar":"","neve_meta_container":"","neve_meta_enable_content_width":"off","neve_meta_content_width":100,"neve_meta_title_alignment":"","neve_meta_author_avatar":"","neve_post_elements_order":"","neve_meta_disable_header":"","neve_meta_disable_footer":"","neve_meta_disable_title":""},"product_cat":[46],"product_tag":[],"_links":{"self":[{"href":"https:\/\/mebelunams.lv\/index.php?rest_route=\/wp\/v2\/product\/19083"}],"collection":[{"href":"https:\/\/mebelunams.lv\/index.php?rest_route=\/wp\/v2\/product"}],"about":[{"href":"https:\/\/mebelunams.lv\/index.php?rest_route=\/wp\/v2\/types\/product"}],"wp:featuredmedia":[{"embeddable":true,"href":"https:\/\/mebelunams.lv\/index.php?rest_route=\/wp\/v2\/media\/19088"}],"wp:attachment":[{"href":"https:\/\/mebelunams.lv\/index.php?rest_route=%2Fwp%2Fv2%2Fmedia&parent=19083"}],"wp:term":[{"taxonomy":"product_cat","embeddable":true,"href":"https:\/\/mebelunams.lv\/index.php?rest_route=%2Fwp%2Fv2%2Fproduct_cat&post=19083"},{"taxonomy":"product_tag","embeddable":true,"href":"https:\/\/mebelunams.lv\/index.php?rest_route=%2Fwp%2Fv2%2Fproduct_tag&post=19083"}],"curies":[{"name":"wp","href":"https:\/\/api.w.org\/{rel}","templated":true}]}}