{"id":1899,"date":"2020-10-27T15:49:15","date_gmt":"2020-10-27T13:49:15","guid":{"rendered":"https:\/\/mebelunams.lv\/?post_type=product&#038;p=1899"},"modified":"2023-12-16T10:46:09","modified_gmt":"2023-12-16T08:46:09","slug":"virtuve-viola","status":"publish","type":"product","link":"https:\/\/mebelunams.lv\/?product=virtuve-viola","title":{"rendered":"virtuve ar MDF fas\u0101di"},"content":{"rendered":"","protected":false},"excerpt":{"rendered":"<p class=\"caption\">Virtuve p\u0113c individu\u0101la pas\u016bt\u012bjuma.<\/p>\n<p class=\"caption\">Cenu ietekm\u0113 da\u017e\u0101di faktori:<\/p>\n<p class=\"caption\">skap\u012b\u0161u skaits,<\/p>\n<p class=\"caption\">izm\u0113ri,<\/p>\n<p class=\"caption\">furnit\u016bra,<\/p>\n<p class=\"caption\">materi\u0101li, u. c. faktori, kas tiek atrun\u0101ti individu\u0101li.<\/p>\n<h4><span style=\"color: #008000;\"><a style=\"color: #008000;\" href=\"https:\/\/mebelunams.lv\/wp-content\/uploads\/2020\/10\/katalogs_1.pdf\">katalogs (spiest \u0161eit)<\/a><\/span><\/h4>\n<h4><span style=\"color: #008000;\"><a style=\"color: #008000;\" href=\"https:\/\/mebelunams.lv\/wp-content\/uploads\/2020\/10\/tehniska_specifikacija_1.pdf\">tehnisk\u0101_specifik\u0101cija (spiest \u0161eit)<\/a><\/span><\/h4>\n","protected":false},"featured_media":8150,"template":"","meta":{"neve_meta_sidebar":"","neve_meta_container":"","neve_meta_enable_content_width":"off","neve_meta_content_width":100,"neve_meta_title_alignment":"","neve_meta_author_avatar":"","neve_post_elements_order":"","neve_meta_disable_header":"","neve_meta_disable_footer":"","neve_meta_disable_title":""},"product_cat":[3272],"product_tag":[],"_links":{"self":[{"href":"https:\/\/mebelunams.lv\/index.php?rest_route=\/wp\/v2\/product\/1899"}],"collection":[{"href":"https:\/\/mebelunams.lv\/index.php?rest_route=\/wp\/v2\/product"}],"about":[{"href":"https:\/\/mebelunams.lv\/index.php?rest_route=\/wp\/v2\/types\/product"}],"wp:featuredmedia":[{"embeddable":true,"href":"https:\/\/mebelunams.lv\/index.php?rest_route=\/wp\/v2\/media\/8150"}],"wp:attachment":[{"href":"https:\/\/mebelunams.lv\/index.php?rest_route=%2Fwp%2Fv2%2Fmedia&parent=1899"}],"wp:term":[{"taxonomy":"product_cat","embeddable":true,"href":"https:\/\/mebelunams.lv\/index.php?rest_route=%2Fwp%2Fv2%2Fproduct_cat&post=1899"},{"taxonomy":"product_tag","embeddable":true,"href":"https:\/\/mebelunams.lv\/index.php?rest_route=%2Fwp%2Fv2%2Fproduct_tag&post=1899"}],"curies":[{"name":"wp","href":"https:\/\/api.w.org\/{rel}","templated":true}]}}