{"id":1897,"date":"2020-10-27T15:46:04","date_gmt":"2020-10-27T13:46:04","guid":{"rendered":"https:\/\/mebelunams.lv\/?post_type=product&#038;p=1897"},"modified":"2023-12-16T10:47:10","modified_gmt":"2023-12-16T08:47:10","slug":"1897","status":"publish","type":"product","link":"https:\/\/mebelunams.lv\/?product=1897","title":{"rendered":"virtuves ar LKSP un akrila fas\u0101d\u0113m"},"content":{"rendered":"","protected":false},"excerpt":{"rendered":"<p>Virtuves p\u0113c individu\u0101la pas\u016bt\u012bjuma.<\/p>\n<p><em><strong>Pieejams pla\u0161s virtuves skap\u012b\u0161u modu\u013cu sortiments da\u017e\u0101d\u0101s kr\u0101s\u0101s, ar da\u017e\u0101da materi\u0101la un kr\u0101su fas\u0101d\u0113m.<\/strong><\/em><\/p>\n<div class=\"total\"><em><strong>Virtuves iek\u0101rta ir uz regul\u0113jam\u0101m k\u0101j\u0101m (100, 120 vai 150 mm), k\u0101jas var tikt nosl\u0113ptas ar PVC vai fas\u0101des materi\u0101la cokolu.<br \/>\nVeram\u0101s durvis ir apr\u012bkotas ar kluso aizv\u0113r\u0161anu (bremzi).<\/strong><\/em><\/div>\n<div class=\"total\">V\u0101cu lamin\u0101ts ar ABS plastik\u0101ta mal\u0101m.<\/div>\n<div class=\"total\">Pla\u0161a rokturu izv\u0113le.<\/div>\n<div class=\"total\"><\/div>\n<div class=\"total\"><em><strong>Iesp\u0113jama meistara konsult\u0101cija un virtuves m\u0113r\u012b\u0161ana par atsevi\u0161\u0137u samaksu.<\/strong><\/em><\/div>\n<h4><span style=\"color: #008000;\"><a style=\"color: #008000;\" href=\"https:\/\/mebelunams.lv\/wp-content\/uploads\/2020\/10\/katalogs_1.pdf\">katalogs (spiest \u0161eit)<\/a> <\/span><\/h4>\n<h4><span style=\"color: #008000;\"><a style=\"color: #008000;\" href=\"https:\/\/mebelunams.lv\/wp-content\/uploads\/2020\/10\/tehniska_specifikacija_1.pdf\">tehnisk\u0101_specifik\u0101cija (spiest \u0161eit)<\/a><\/span><\/h4>\n","protected":false},"featured_media":8118,"template":"","meta":{"neve_meta_sidebar":"","neve_meta_container":"","neve_meta_enable_content_width":"off","neve_meta_content_width":70,"neve_meta_title_alignment":"","neve_meta_author_avatar":"","neve_post_elements_order":"","neve_meta_disable_header":"","neve_meta_disable_footer":"","neve_meta_disable_title":""},"product_cat":[3272],"product_tag":[],"_links":{"self":[{"href":"https:\/\/mebelunams.lv\/index.php?rest_route=\/wp\/v2\/product\/1897"}],"collection":[{"href":"https:\/\/mebelunams.lv\/index.php?rest_route=\/wp\/v2\/product"}],"about":[{"href":"https:\/\/mebelunams.lv\/index.php?rest_route=\/wp\/v2\/types\/product"}],"wp:featuredmedia":[{"embeddable":true,"href":"https:\/\/mebelunams.lv\/index.php?rest_route=\/wp\/v2\/media\/8118"}],"wp:attachment":[{"href":"https:\/\/mebelunams.lv\/index.php?rest_route=%2Fwp%2Fv2%2Fmedia&parent=1897"}],"wp:term":[{"taxonomy":"product_cat","embeddable":true,"href":"https:\/\/mebelunams.lv\/index.php?rest_route=%2Fwp%2Fv2%2Fproduct_cat&post=1897"},{"taxonomy":"product_tag","embeddable":true,"href":"https:\/\/mebelunams.lv\/index.php?rest_route=%2Fwp%2Fv2%2Fproduct_tag&post=1897"}],"curies":[{"name":"wp","href":"https:\/\/api.w.org\/{rel}","templated":true}]}}