{"id":18915,"date":"2025-07-05T16:17:25","date_gmt":"2025-07-05T14:17:25","guid":{"rendered":"https:\/\/mebelunams.lv\/?post_type=product&#038;p=18915"},"modified":"2025-07-05T16:21:57","modified_gmt":"2025-07-05T14:21:57","slug":"kresls-citrone-balts","status":"publish","type":"product","link":"https:\/\/mebelunams.lv\/?product=kresls-citrone-balts","title":{"rendered":"kr\u0113sls CITRONE balts\/Inari 23"},"content":{"rendered":"","protected":false},"excerpt":{"rendered":"<p id=\"tw-target-text\" class=\"tw-data-text tw-text-large tw-ta\" dir=\"ltr\" data-placeholder=\"Tulkojums\" data-ved=\"2ahUKEwi8sY7w4qWOAxVWFBAIHc6KJuYQ3ewLegQICRAV\" aria-label=\"Tulkotais teksts: Produkta apraksts: Izm\u0113ri: 44\/43\/96 cm, Materi\u0101ls: Mas\u012bvdi\u017esk\u0101bar\u017ea koks\/Audums, Kr\u0101sa: Tum\u0161ais valrieksts\/Jazz 2 Svars: 6,500 kg Tilpums: 146,00 dm3\"><span class=\"Y2IQFc\" lang=\"lv\">Produkta apraksts:<\/span><\/p>\n<p class=\"tw-data-text tw-text-large tw-ta\" dir=\"ltr\" data-placeholder=\"Tulkojums\" data-ved=\"2ahUKEwi8sY7w4qWOAxVWFBAIHc6KJuYQ3ewLegQICRAV\" aria-label=\"Tulkotais teksts: Produkta apraksts: Izm\u0113ri: 44\/43\/96 cm, Materi\u0101ls: Mas\u012bvdi\u017esk\u0101bar\u017ea koks\/Audums, Kr\u0101sa: Tum\u0161ais valrieksts\/Jazz 2 Svars: 6,500 kg Tilpums: 146,00 dm3\"><span class=\"Y2IQFc\" lang=\"lv\">Izm\u0113ri: 44\/43\/96 cm,<br \/>\nMateri\u0101ls: Mas\u012bvs di\u017esk\u0101bar\u017ea koks<br \/>\nAudums, Kr\u0101sa: Balta<\/span><\/p>\n<p class=\"tw-data-text tw-text-large tw-ta\" dir=\"ltr\" data-placeholder=\"Tulkojums\" data-ved=\"2ahUKEwi8sY7w4qWOAxVWFBAIHc6KJuYQ3ewLegQICRAV\" aria-label=\"Tulkotais teksts: Produkta apraksts: Izm\u0113ri: 44\/43\/96 cm, Materi\u0101ls: Mas\u012bvdi\u017esk\u0101bar\u017ea koks\/Audums, Kr\u0101sa: Tum\u0161ais valrieksts\/Jazz 2 Svars: 6,500 kg Tilpums: 146,00 dm3\"><span class=\"Y2IQFc\" lang=\"lv\">Svars: 6,500 kg<\/span><\/p>\n","protected":false},"featured_media":18923,"template":"","meta":{"neve_meta_sidebar":"","neve_meta_container":"","neve_meta_enable_content_width":"off","neve_meta_content_width":70,"neve_meta_title_alignment":"","neve_meta_author_avatar":"","neve_post_elements_order":"","neve_meta_disable_header":"","neve_meta_disable_footer":"","neve_meta_disable_title":""},"product_cat":[46],"product_tag":[],"_links":{"self":[{"href":"https:\/\/mebelunams.lv\/index.php?rest_route=\/wp\/v2\/product\/18915"}],"collection":[{"href":"https:\/\/mebelunams.lv\/index.php?rest_route=\/wp\/v2\/product"}],"about":[{"href":"https:\/\/mebelunams.lv\/index.php?rest_route=\/wp\/v2\/types\/product"}],"wp:featuredmedia":[{"embeddable":true,"href":"https:\/\/mebelunams.lv\/index.php?rest_route=\/wp\/v2\/media\/18923"}],"wp:attachment":[{"href":"https:\/\/mebelunams.lv\/index.php?rest_route=%2Fwp%2Fv2%2Fmedia&parent=18915"}],"wp:term":[{"taxonomy":"product_cat","embeddable":true,"href":"https:\/\/mebelunams.lv\/index.php?rest_route=%2Fwp%2Fv2%2Fproduct_cat&post=18915"},{"taxonomy":"product_tag","embeddable":true,"href":"https:\/\/mebelunams.lv\/index.php?rest_route=%2Fwp%2Fv2%2Fproduct_tag&post=18915"}],"curies":[{"name":"wp","href":"https:\/\/api.w.org\/{rel}","templated":true}]}}