{"id":18891,"date":"2025-07-05T15:53:52","date_gmt":"2025-07-05T13:53:52","guid":{"rendered":"https:\/\/mebelunams.lv\/?post_type=product&#038;p=18891"},"modified":"2025-07-05T15:57:21","modified_gmt":"2025-07-05T13:57:21","slug":"bara-kresls-h103-peleks","status":"publish","type":"product","link":"https:\/\/mebelunams.lv\/?product=bara-kresls-h103-peleks","title":{"rendered":"b\u0101ra kr\u0113sls H103 pel\u0113ks"},"content":{"rendered":"<p>Preci iesp\u0113jams pas\u016bt\u012bt, zvanot uz tel. 20207488, vai ieg\u0101d\u0101ties veikal\u0101 Latgales iel\u0101 322.<\/p>\n","protected":false},"excerpt":{"rendered":"<p id=\"tw-target-text\" class=\"tw-data-text tw-text-large tw-ta\" dir=\"ltr\" data-placeholder=\"Tulkojums\" data-ved=\"2ahUKEwjCjIOZ6KWOAxVLLRAIHVADAwMQ3ewLegQICRAV\" aria-label=\"Tulkotais teksts: Produkta apraksts:\nizm\u0113ri: 92-114\/55\/55\/62-84 cm, samta audums\/pulverkr\u0101sots t\u0113rauds, kr\u0101sa: osis - BLUVEL 14\nSvars: 10.000 kg\nTilpums: 120.00 dm3\"><span class=\"Y2IQFc\" lang=\"lv\">Produkta apraksts:<\/span><\/p>\n<p class=\"tw-data-text tw-text-large tw-ta\" dir=\"ltr\" data-placeholder=\"Tulkojums\" data-ved=\"2ahUKEwjCjIOZ6KWOAxVLLRAIHVADAwMQ3ewLegQICRAV\" aria-label=\"Tulkotais teksts: Produkta apraksts:\nizm\u0113ri: 92-114\/55\/55\/62-84 cm, samta audums\/pulverkr\u0101sots t\u0113rauds, kr\u0101sa: osis - BLUVEL 14\nSvars: 10.000 kg\nTilpums: 120.00 dm3\"><span class=\"Y2IQFc\" lang=\"lv\">izm\u0113ri: 92-114\/55\/55\/62-84 cm,<\/span><\/p>\n<p class=\"tw-data-text tw-text-large tw-ta\" dir=\"ltr\" data-placeholder=\"Tulkojums\" data-ved=\"2ahUKEwjCjIOZ6KWOAxVLLRAIHVADAwMQ3ewLegQICRAV\" aria-label=\"Tulkotais teksts: Produkta apraksts:\nizm\u0113ri: 92-114\/55\/55\/62-84 cm, samta audums\/pulverkr\u0101sots t\u0113rauds, kr\u0101sa: osis - BLUVEL 14\nSvars: 10.000 kg\nTilpums: 120.00 dm3\"><span class=\"Y2IQFc\" lang=\"lv\">samta audums\/kr\u0101sots t\u0113rauds,<\/span><\/p>\n<p class=\"tw-data-text tw-text-large tw-ta\" dir=\"ltr\" data-placeholder=\"Tulkojums\" data-ved=\"2ahUKEwjCjIOZ6KWOAxVLLRAIHVADAwMQ3ewLegQICRAV\" aria-label=\"Tulkotais teksts: Produkta apraksts:\nizm\u0113ri: 92-114\/55\/55\/62-84 cm, samta audums\/pulverkr\u0101sots t\u0113rauds, kr\u0101sa: osis - BLUVEL 14\nSvars: 10.000 kg\nTilpums: 120.00 dm3\"><span class=\"Y2IQFc\" lang=\"lv\">kr\u0101sa:\u00a0 BLUVEL 14<\/span><\/p>\n<p class=\"tw-data-text tw-text-large tw-ta\" dir=\"ltr\" data-placeholder=\"Tulkojums\" data-ved=\"2ahUKEwjCjIOZ6KWOAxVLLRAIHVADAwMQ3ewLegQICRAV\" aria-label=\"Tulkotais teksts: Produkta apraksts:\nizm\u0113ri: 92-114\/55\/55\/62-84 cm, samta audums\/pulverkr\u0101sots t\u0113rauds, kr\u0101sa: osis - BLUVEL 14\nSvars: 10.000 kg\nTilpums: 120.00 dm3\"><span class=\"Y2IQFc\" lang=\"lv\">Svars: 10.000 kg<\/span><\/p>\n<p class=\"tw-data-text tw-text-large tw-ta\" dir=\"ltr\" data-placeholder=\"Tulkojums\" data-ved=\"2ahUKEwjCjIOZ6KWOAxVLLRAIHVADAwMQ3ewLegQICRAV\" aria-label=\"Tulkotais teksts: Produkta apraksts:\nizm\u0113ri: 92-114\/55\/55\/62-84 cm, samta audums\/pulverkr\u0101sots t\u0113rauds, kr\u0101sa: osis - BLUVEL 14\nSvars: 10.000 kg\nTilpums: 120.00 dm3\"><span class=\"Y2IQFc\" lang=\"lv\">Tilpums: 120.00 dm3<\/span><\/p>\n<p class=\"tw-data-text tw-text-large tw-ta\" dir=\"ltr\" data-placeholder=\"Tulkojums\" data-ved=\"2ahUKEwjCjIOZ6KWOAxVLLRAIHVADAwMQ3ewLegQICRAV\" aria-label=\"Tulkotais teksts: Produkta apraksts: izm\u0113ri: 43\/44\/84-106\/62-84 cm, materi\u0101ls: samta audums \/ pulverkr\u0101sots t\u0113rauds, kr\u0101sa: b\u0113\u0161a - BLUVEL 28 Svars: 7.000 kg Tilpums: 60.00 dm3\">\n<p>&nbsp;<\/p>\n","protected":false},"featured_media":18894,"template":"","meta":{"neve_meta_sidebar":"","neve_meta_container":"","neve_meta_enable_content_width":"off","neve_meta_content_width":70,"neve_meta_title_alignment":"","neve_meta_author_avatar":"","neve_post_elements_order":"","neve_meta_disable_header":"","neve_meta_disable_footer":"","neve_meta_disable_title":""},"product_cat":[46],"product_tag":[],"_links":{"self":[{"href":"https:\/\/mebelunams.lv\/index.php?rest_route=\/wp\/v2\/product\/18891"}],"collection":[{"href":"https:\/\/mebelunams.lv\/index.php?rest_route=\/wp\/v2\/product"}],"about":[{"href":"https:\/\/mebelunams.lv\/index.php?rest_route=\/wp\/v2\/types\/product"}],"wp:featuredmedia":[{"embeddable":true,"href":"https:\/\/mebelunams.lv\/index.php?rest_route=\/wp\/v2\/media\/18894"}],"wp:attachment":[{"href":"https:\/\/mebelunams.lv\/index.php?rest_route=%2Fwp%2Fv2%2Fmedia&parent=18891"}],"wp:term":[{"taxonomy":"product_cat","embeddable":true,"href":"https:\/\/mebelunams.lv\/index.php?rest_route=%2Fwp%2Fv2%2Fproduct_cat&post=18891"},{"taxonomy":"product_tag","embeddable":true,"href":"https:\/\/mebelunams.lv\/index.php?rest_route=%2Fwp%2Fv2%2Fproduct_tag&post=18891"}],"curies":[{"name":"wp","href":"https:\/\/api.w.org\/{rel}","templated":true}]}}