{"id":18849,"date":"2025-07-05T14:14:38","date_gmt":"2025-07-05T12:14:38","guid":{"rendered":"https:\/\/mebelunams.lv\/?post_type=product&#038;p=18849"},"modified":"2025-07-05T14:17:29","modified_gmt":"2025-07-05T12:17:29","slug":"skapis-pec-pasutijuma","status":"publish","type":"product","link":"https:\/\/mebelunams.lv\/?product=skapis-pec-pasutijuma","title":{"rendered":"skapis p\u0113c pas\u016bt\u012bjuma"},"content":{"rendered":"","protected":false},"excerpt":{"rendered":"<p>Skapji tiek izgatavoti p\u0113c individu\u0101la pas\u016bt\u012bjuma.<\/p>\n<p>Pieejamas da\u017e\u0101das kr\u0101sas un izm\u0113ri.<\/p>\n<p>&nbsp;<\/p>\n","protected":false},"featured_media":18851,"template":"","meta":{"neve_meta_sidebar":"","neve_meta_container":"","neve_meta_enable_content_width":"off","neve_meta_content_width":100,"neve_meta_title_alignment":"","neve_meta_author_avatar":"","neve_post_elements_order":"","neve_meta_disable_header":"","neve_meta_disable_footer":"","neve_meta_disable_title":""},"product_cat":[20],"product_tag":[],"_links":{"self":[{"href":"https:\/\/mebelunams.lv\/index.php?rest_route=\/wp\/v2\/product\/18849"}],"collection":[{"href":"https:\/\/mebelunams.lv\/index.php?rest_route=\/wp\/v2\/product"}],"about":[{"href":"https:\/\/mebelunams.lv\/index.php?rest_route=\/wp\/v2\/types\/product"}],"wp:featuredmedia":[{"embeddable":true,"href":"https:\/\/mebelunams.lv\/index.php?rest_route=\/wp\/v2\/media\/18851"}],"wp:attachment":[{"href":"https:\/\/mebelunams.lv\/index.php?rest_route=%2Fwp%2Fv2%2Fmedia&parent=18849"}],"wp:term":[{"taxonomy":"product_cat","embeddable":true,"href":"https:\/\/mebelunams.lv\/index.php?rest_route=%2Fwp%2Fv2%2Fproduct_cat&post=18849"},{"taxonomy":"product_tag","embeddable":true,"href":"https:\/\/mebelunams.lv\/index.php?rest_route=%2Fwp%2Fv2%2Fproduct_tag&post=18849"}],"curies":[{"name":"wp","href":"https:\/\/api.w.org\/{rel}","templated":true}]}}