{"id":18811,"date":"2025-07-02T13:54:21","date_gmt":"2025-07-02T11:54:21","guid":{"rendered":"https:\/\/mebelunams.lv\/?post_type=product&#038;p=18811"},"modified":"2025-07-02T14:15:32","modified_gmt":"2025-07-02T12:15:32","slug":"izvelkams-galds-william-balts","status":"publish","type":"product","link":"https:\/\/mebelunams.lv\/?product=izvelkams-galds-william-balts","title":{"rendered":"izvelkams galds WILLIAM balts"},"content":{"rendered":"","protected":false},"excerpt":{"rendered":"<div class=\"product-char_table\">\n<div class=\"product-char_td\">\n<div class=\"small-title\">\n<div class=\"product-char_table\">\n<div class=\"product-char_td\">\n<div class=\"small-title\"><strong>Garums<\/strong>: 90-124 cm<\/div>\n<\/div>\n<\/div>\n<div class=\"product-char_table\">\n<div class=\"product-char_td\">\n<div class=\"small-title\"><strong>Augstums<\/strong>: 75 cm<\/div>\n<\/div>\n<\/div>\n<div class=\"product-char_table\">\n<div class=\"product-char_td\">\n<div class=\"small-title\"><strong>Platums<\/strong>: 90 cm<\/div>\n<\/div>\n<\/div>\n<div class=\"product-char_table\">\n<div class=\"product-char_td\">\n<div class=\"small-title\"><strong>Svars<\/strong>: 28 kg<\/div>\n<div>\n<p id=\"tw-target-text\" class=\"tw-data-text tw-text-large tw-ta\" dir=\"ltr\" data-placeholder=\"Tulkojums\" data-ved=\"2ahUKEwiazciljp6OAxU0DRAIHaAmJwAQ3ewLegQIAhAV\" aria-label=\"Tulkotais teksts: Produkta apraksts: Izvelkams galds, izm\u0113ri: 90\u00f7124\/90\/75 cm, materi\u0101ls: virsma - MDF pl\u0101ksne + dab\u012bgs finieris, k\u0101jas - mas\u012bvkoks, kr\u0101sa: balta * Produkts ir apstr\u0101d\u0101ts ar rok\u0101m. Var b\u016bt nelielas nel\u012bdzen\u012bbas, kas rodas izmantot\u0101s ra\u017eo\u0161anas metodes d\u0113\u013c. Tas veido produkta unikalit\u0101ti un nav j\u0101uztver k\u0101 ra\u017eo\u0161anas defekts. Tas ar\u012b neietekm\u0113 kop\u0113jo est\u0113tiku un t\u0101 sp\u0113ju lietot paredz\u0113tajam m\u0113r\u0137im. Svars: 28 000 kg Tilpums: 133,40 dm3\"><span class=\"Y2IQFc\" lang=\"lv\">Produkta apraksts: Izvelkams galds, materi\u0101ls: virsma &#8211; MDF pl\u0101ksne + dab\u012bgs finieris, k\u0101jas &#8211; mas\u012bvkoks, kr\u0101sa: balta Produkts ir apstr\u0101d\u0101ts ar rok\u0101m. Var b\u016bt nelieli nel\u012bdzenumi, kas rodas izmantot\u0101s ra\u017eo\u0161anas metodes d\u0113\u013c. Tas veido produkta unikalit\u0101ti un nav j\u0101uztver k\u0101 ra\u017eo\u0161anas defekts. Tas ar\u012b neietekm\u0113 kop\u0113jo est\u0113tiku un t\u0101 sp\u0113ju lietot paredz\u0113tajam m\u0113r\u0137im.<\/span><\/p>\n<p class=\"tw-data-text tw-text-large tw-ta\" dir=\"ltr\" data-placeholder=\"Tulkojums\" data-ved=\"2ahUKEwiazciljp6OAxU0DRAIHaAmJwAQ3ewLegQIAhAV\" aria-label=\"Tulkotais teksts: Produkta apraksts: Izvelkams galds, izm\u0113ri: 90\u00f7124\/90\/75 cm, materi\u0101ls: virsma - MDF pl\u0101ksne + dab\u012bgs finieris, k\u0101jas - mas\u012bvkoks, kr\u0101sa: balta * Produkts ir apstr\u0101d\u0101ts ar rok\u0101m. Var b\u016bt nelielas nel\u012bdzen\u012bbas, kas rodas izmantot\u0101s ra\u017eo\u0161anas metodes d\u0113\u013c. Tas veido produkta unikalit\u0101ti un nav j\u0101uztver k\u0101 ra\u017eo\u0161anas defekts. Tas ar\u012b neietekm\u0113 kop\u0113jo est\u0113tiku un t\u0101 sp\u0113ju lietot paredz\u0113tajam m\u0113r\u0137im. Svars: 28 000 kg Tilpums: 133,40 dm3\"><span class=\"Y2IQFc\" lang=\"lv\">Tilpums: 133,40 dm3<\/span><\/p>\n<h1 class=\"tw-data-text tw-text-large tw-ta\" dir=\"ltr\" data-placeholder=\"Tulkojums\" data-ved=\"2ahUKEwiazciljp6OAxU0DRAIHaAmJwAQ3ewLegQIAhAV\" aria-label=\"Tulkotais teksts: Produkta apraksts: Izvelkams galds, izm\u0113ri: 90\u00f7124\/90\/75 cm, materi\u0101ls: virsma - MDF pl\u0101ksne + dab\u012bgs finieris, k\u0101jas - mas\u012bvkoks, kr\u0101sa: balta * Produkts ir apstr\u0101d\u0101ts ar rok\u0101m. Var b\u016bt nelielas nel\u012bdzen\u012bbas, kas rodas izmantot\u0101s ra\u017eo\u0161anas metodes d\u0113\u013c. Tas veido produkta unikalit\u0101ti un nav j\u0101uztver k\u0101 ra\u017eo\u0161anas defekts. Tas ar\u012b neietekm\u0113 kop\u0113jo est\u0113tiku un t\u0101 sp\u0113ju lietot paredz\u0113tajam m\u0113r\u0137im. Svars: 28 000 kg Tilpums: 133,40 dm3\"><span class=\"Y2IQFc\" lang=\"lv\"><br \/>\n<strong>Pas\u016bt\u012bjuma izpildes laiks: 2-3 ned\u0113\u013cas<\/strong><\/span><\/h1>\n<\/div>\n<\/div>\n<\/div>\n<div class=\"product-char_table\">\n<div class=\"product-char_td\"><\/div>\n<div class=\"product-char_td\">\n<div class=\"small-title bold\"><\/div>\n<\/div>\n<\/div>\n<\/div>\n<\/div>\n<\/div>\n","protected":false},"featured_media":18813,"template":"","meta":{"neve_meta_sidebar":"","neve_meta_container":"","neve_meta_enable_content_width":"off","neve_meta_content_width":70,"neve_meta_title_alignment":"","neve_meta_author_avatar":"","neve_post_elements_order":"","neve_meta_disable_header":"","neve_meta_disable_footer":"","neve_meta_disable_title":""},"product_cat":[35],"product_tag":[],"_links":{"self":[{"href":"https:\/\/mebelunams.lv\/index.php?rest_route=\/wp\/v2\/product\/18811"}],"collection":[{"href":"https:\/\/mebelunams.lv\/index.php?rest_route=\/wp\/v2\/product"}],"about":[{"href":"https:\/\/mebelunams.lv\/index.php?rest_route=\/wp\/v2\/types\/product"}],"wp:featuredmedia":[{"embeddable":true,"href":"https:\/\/mebelunams.lv\/index.php?rest_route=\/wp\/v2\/media\/18813"}],"wp:attachment":[{"href":"https:\/\/mebelunams.lv\/index.php?rest_route=%2Fwp%2Fv2%2Fmedia&parent=18811"}],"wp:term":[{"taxonomy":"product_cat","embeddable":true,"href":"https:\/\/mebelunams.lv\/index.php?rest_route=%2Fwp%2Fv2%2Fproduct_cat&post=18811"},{"taxonomy":"product_tag","embeddable":true,"href":"https:\/\/mebelunams.lv\/index.php?rest_route=%2Fwp%2Fv2%2Fproduct_tag&post=18811"}],"curies":[{"name":"wp","href":"https:\/\/api.w.org\/{rel}","templated":true}]}}