{"id":18677,"date":"2025-06-12T15:53:54","date_gmt":"2025-06-12T13:53:54","guid":{"rendered":"https:\/\/mebelunams.lv\/?post_type=product&#038;p=18677"},"modified":"2025-06-12T15:57:52","modified_gmt":"2025-06-12T13:57:52","slug":"matracis-diana-90-x-200","status":"publish","type":"product","link":"https:\/\/mebelunams.lv\/?product=matracis-diana-90-x-200","title":{"rendered":"matracis Diana 90 X 200"},"content":{"rendered":"","protected":false},"excerpt":{"rendered":"<p>Daudzsl\u0101\u0146u vid\u0113ji ciets matracis ar 5 zonu Pocket atsper\u0113m. Elpojo\u0161s organisks audums. Base Coil Pro Balance\u00ae atsperes nodro\u0161ina mugurkaula atbalstu.<\/p>\n<p><strong>Matra\u010da augstums<\/strong>:30 cm<\/p>\n","protected":false},"featured_media":18665,"template":"","meta":{"neve_meta_sidebar":"","neve_meta_container":"","neve_meta_enable_content_width":"off","neve_meta_content_width":100,"neve_meta_title_alignment":"","neve_meta_author_avatar":"","neve_post_elements_order":"","neve_meta_disable_header":"","neve_meta_disable_footer":"","neve_meta_disable_title":""},"product_cat":[48],"product_tag":[],"_links":{"self":[{"href":"https:\/\/mebelunams.lv\/index.php?rest_route=\/wp\/v2\/product\/18677"}],"collection":[{"href":"https:\/\/mebelunams.lv\/index.php?rest_route=\/wp\/v2\/product"}],"about":[{"href":"https:\/\/mebelunams.lv\/index.php?rest_route=\/wp\/v2\/types\/product"}],"wp:featuredmedia":[{"embeddable":true,"href":"https:\/\/mebelunams.lv\/index.php?rest_route=\/wp\/v2\/media\/18665"}],"wp:attachment":[{"href":"https:\/\/mebelunams.lv\/index.php?rest_route=%2Fwp%2Fv2%2Fmedia&parent=18677"}],"wp:term":[{"taxonomy":"product_cat","embeddable":true,"href":"https:\/\/mebelunams.lv\/index.php?rest_route=%2Fwp%2Fv2%2Fproduct_cat&post=18677"},{"taxonomy":"product_tag","embeddable":true,"href":"https:\/\/mebelunams.lv\/index.php?rest_route=%2Fwp%2Fv2%2Fproduct_tag&post=18677"}],"curies":[{"name":"wp","href":"https:\/\/api.w.org\/{rel}","templated":true}]}}