{"id":18659,"date":"2025-06-12T15:40:34","date_gmt":"2025-06-12T13:40:34","guid":{"rendered":"https:\/\/mebelunams.lv\/?post_type=product&#038;p=18659"},"modified":"2026-03-23T15:38:40","modified_gmt":"2026-03-23T13:38:40","slug":"gulta-gestia-160-x-200","status":"publish","type":"product","link":"https:\/\/mebelunams.lv\/?product=gulta-gestia-160-x-200","title":{"rendered":"gulta Gestia 160 X 200"},"content":{"rendered":"","protected":false},"excerpt":{"rendered":"<p>Gulta ar pacel\u0161anas meh\u0101nismu, amortizatoriem, met\u0101la r\u0101mi redel\u0113m, ieb\u016bv\u0113to ve\u013cas kasti un met\u0101la kr\u0101sas k\u0101j\u0101m.<\/p>\n<p><strong>Svars<\/strong>: 113kg<\/p>\n<p><strong>Pie\u013caujamais matra\u010da izm\u0113rs<\/strong>: 160 X 200 cm<\/p>\n<p><strong>Augstums<\/strong>: 113 cm<\/p>\n<p><strong>Platums<\/strong>: 170 cm<\/p>\n<p><strong>Garums<\/strong>: 210 cm<\/p>\n<p><strong>K\u0101ju augstums<\/strong>: 10 cm<\/p>\n<p><strong>Audums<\/strong>: Vel\u016brs<\/p>\n<p>Pieejama no veikala ekspoz\u012bcijas.<\/p>\n","protected":false},"featured_media":18652,"template":"","meta":{"neve_meta_sidebar":"","neve_meta_container":"","neve_meta_enable_content_width":"off","neve_meta_content_width":70,"neve_meta_title_alignment":"","neve_meta_author_avatar":"","neve_post_elements_order":"","neve_meta_disable_header":"","neve_meta_disable_footer":"","neve_meta_disable_title":""},"product_cat":[38,42],"product_tag":[],"_links":{"self":[{"href":"https:\/\/mebelunams.lv\/index.php?rest_route=\/wp\/v2\/product\/18659"}],"collection":[{"href":"https:\/\/mebelunams.lv\/index.php?rest_route=\/wp\/v2\/product"}],"about":[{"href":"https:\/\/mebelunams.lv\/index.php?rest_route=\/wp\/v2\/types\/product"}],"wp:featuredmedia":[{"embeddable":true,"href":"https:\/\/mebelunams.lv\/index.php?rest_route=\/wp\/v2\/media\/18652"}],"wp:attachment":[{"href":"https:\/\/mebelunams.lv\/index.php?rest_route=%2Fwp%2Fv2%2Fmedia&parent=18659"}],"wp:term":[{"taxonomy":"product_cat","embeddable":true,"href":"https:\/\/mebelunams.lv\/index.php?rest_route=%2Fwp%2Fv2%2Fproduct_cat&post=18659"},{"taxonomy":"product_tag","embeddable":true,"href":"https:\/\/mebelunams.lv\/index.php?rest_route=%2Fwp%2Fv2%2Fproduct_tag&post=18659"}],"curies":[{"name":"wp","href":"https:\/\/api.w.org\/{rel}","templated":true}]}}