{"id":18644,"date":"2025-06-12T13:12:45","date_gmt":"2025-06-12T11:12:45","guid":{"rendered":"https:\/\/mebelunams.lv\/?post_type=product&#038;p=18644"},"modified":"2025-06-12T13:21:28","modified_gmt":"2025-06-12T11:21:28","slug":"gulta-bonita-140-x-200","status":"publish","type":"product","link":"https:\/\/mebelunams.lv\/?product=gulta-bonita-140-x-200","title":{"rendered":"gulta Bonita 140 X 200"},"content":{"rendered":"","protected":false},"excerpt":{"rendered":"<p>Gulta ar pacel\u0161anas meh\u0101nismu, ve\u013cas kasti. Grezns, m\u012bksts galvgalis un m\u012bkstas malas. Matracis cen\u0101 nav iek\u013cauts.<\/p>\n<p>Cena ir atkar\u012bga no matra\u010da izm\u0113ra, t\u0101 nor\u0101d\u012bta par gultu ar matra\u010da izm\u0113ru 140 x 200 cm.<\/p>\n<p><strong>Galvga\u013ca augstums:<\/strong> 132 cm<\/p>\n<p><strong>Ve\u013cas kastes augstums:<\/strong> 37 cm.<\/p>\n<p>VISP\u0100R\u012aG\u0100S \u012aPA\u0160\u012aBAS:<br \/>\n\u2022 Iztur\u012bga strukt\u016bra<br \/>\n\u2022 T\u0113rauda konstrukcija<br \/>\n\u2022 Aizsardz\u012bba pret koroziju un skr\u0101p\u0113jumiem<br \/>\n\u2022 \u012apa\u0161i silikona ve\u013cas kastes atv\u0113r\u0161anas rokturi<br \/>\n\u2022 Dro\u0161\u012bbas sl\u0113dzene<br \/>\n\u2022 Liela ve\u013cas kaste<\/p>\n","protected":false},"featured_media":18630,"template":"","meta":{"neve_meta_sidebar":"","neve_meta_container":"","neve_meta_enable_content_width":"off","neve_meta_content_width":70,"neve_meta_title_alignment":"","neve_meta_author_avatar":"","neve_post_elements_order":"","neve_meta_disable_header":"","neve_meta_disable_footer":"","neve_meta_disable_title":""},"product_cat":[37],"product_tag":[],"_links":{"self":[{"href":"https:\/\/mebelunams.lv\/index.php?rest_route=\/wp\/v2\/product\/18644"}],"collection":[{"href":"https:\/\/mebelunams.lv\/index.php?rest_route=\/wp\/v2\/product"}],"about":[{"href":"https:\/\/mebelunams.lv\/index.php?rest_route=\/wp\/v2\/types\/product"}],"wp:featuredmedia":[{"embeddable":true,"href":"https:\/\/mebelunams.lv\/index.php?rest_route=\/wp\/v2\/media\/18630"}],"wp:attachment":[{"href":"https:\/\/mebelunams.lv\/index.php?rest_route=%2Fwp%2Fv2%2Fmedia&parent=18644"}],"wp:term":[{"taxonomy":"product_cat","embeddable":true,"href":"https:\/\/mebelunams.lv\/index.php?rest_route=%2Fwp%2Fv2%2Fproduct_cat&post=18644"},{"taxonomy":"product_tag","embeddable":true,"href":"https:\/\/mebelunams.lv\/index.php?rest_route=%2Fwp%2Fv2%2Fproduct_tag&post=18644"}],"curies":[{"name":"wp","href":"https:\/\/api.w.org\/{rel}","templated":true}]}}