{"id":18606,"date":"2025-06-04T21:04:11","date_gmt":"2025-06-04T19:04:11","guid":{"rendered":"https:\/\/mebelunams.lv\/?post_type=product&#038;p=18606"},"modified":"2026-03-19T19:18:24","modified_gmt":"2026-03-19T17:18:24","slug":"matracis-glasgow-120-x-200","status":"publish","type":"product","link":"https:\/\/mebelunams.lv\/?product=matracis-glasgow-120-x-200","title":{"rendered":"matracis Glasgow 120 X 200"},"content":{"rendered":"","protected":false},"excerpt":{"rendered":"<p>Ortop\u0113diskais Glasgow matracis nodro\u0161ina papildu komfortu kombin\u0113t\u0101 palikt\u0146a d\u0113\u013c, kas veido gul\u0113\u0161anas virsmu. \u012apa\u0161i m\u012bksti komforta sl\u0101\u0146i uzlabo miega kvalit\u0101ti visas nakts garum\u0101. T\u0101 gaisu caurlaid\u012bgais audums pal\u012bdz nov\u0113rst sliktas smakas veido\u0161anos, vienlaikus nodro\u0161inot svaigumu. Pocket Spring tehnolo\u0123ija rada \u0137erme\u0146a apsk\u0101vienu saj\u016btu, vienm\u0113r\u012bgi un harmoniski sadalot \u0137erme\u0146a svaru. Papildus var pas\u016bt\u012bt-gultu Glasgow.<\/p>\n","protected":false},"featured_media":18599,"template":"","meta":{"neve_meta_sidebar":"","neve_meta_container":"","neve_meta_enable_content_width":"off","neve_meta_content_width":100,"neve_meta_title_alignment":"","neve_meta_author_avatar":"","neve_post_elements_order":"","neve_meta_disable_header":"","neve_meta_disable_footer":"","neve_meta_disable_title":""},"product_cat":[50],"product_tag":[],"_links":{"self":[{"href":"https:\/\/mebelunams.lv\/index.php?rest_route=\/wp\/v2\/product\/18606"}],"collection":[{"href":"https:\/\/mebelunams.lv\/index.php?rest_route=\/wp\/v2\/product"}],"about":[{"href":"https:\/\/mebelunams.lv\/index.php?rest_route=\/wp\/v2\/types\/product"}],"wp:featuredmedia":[{"embeddable":true,"href":"https:\/\/mebelunams.lv\/index.php?rest_route=\/wp\/v2\/media\/18599"}],"wp:attachment":[{"href":"https:\/\/mebelunams.lv\/index.php?rest_route=%2Fwp%2Fv2%2Fmedia&parent=18606"}],"wp:term":[{"taxonomy":"product_cat","embeddable":true,"href":"https:\/\/mebelunams.lv\/index.php?rest_route=%2Fwp%2Fv2%2Fproduct_cat&post=18606"},{"taxonomy":"product_tag","embeddable":true,"href":"https:\/\/mebelunams.lv\/index.php?rest_route=%2Fwp%2Fv2%2Fproduct_tag&post=18606"}],"curies":[{"name":"wp","href":"https:\/\/api.w.org\/{rel}","templated":true}]}}