{"id":1859,"date":"2020-10-17T12:22:08","date_gmt":"2020-10-17T10:22:08","guid":{"rendered":"https:\/\/mebelunams.lv\/?post_type=product&#038;p=1859"},"modified":"2023-06-30T11:51:33","modified_gmt":"2023-06-30T09:51:33","slug":"naktsskapitis-ns3a","status":"publish","type":"product","link":"https:\/\/mebelunams.lv\/?product=naktsskapitis-ns3a","title":{"rendered":"naktsskap\u012btis NS3A"},"content":{"rendered":"","protected":false},"excerpt":{"rendered":"<p>Materi\u0101ls: melnalk\u0161\u0146a mas\u012bvkoks<\/p>\n<p>Platums: 39.5 cm<\/p>\n<p>Dzi\u013cums: 37.5 cm<\/p>\n<p>Augstums: 46 cm<\/p>\n<p>iesp\u0113ja pas\u016bt\u012bt cit\u0101s kr\u0101s\u0101s:<\/p>\n<p>&nbsp;<\/p>\n<p>rieksta tonis +15%<\/p>\n<p>piena tonis +20%<\/p>\n<p>mahagona tonis +30%<\/p>\n<p>Ra\u017eots Latvij\u0101<\/p>\n","protected":false},"featured_media":6614,"template":"","meta":{"neve_meta_sidebar":"","neve_meta_container":"","neve_meta_enable_content_width":"off","neve_meta_content_width":70,"neve_meta_title_alignment":"","neve_meta_author_avatar":"","neve_post_elements_order":"","neve_meta_disable_header":"","neve_meta_disable_footer":"","neve_meta_disable_title":""},"product_cat":[88],"product_tag":[],"_links":{"self":[{"href":"https:\/\/mebelunams.lv\/index.php?rest_route=\/wp\/v2\/product\/1859"}],"collection":[{"href":"https:\/\/mebelunams.lv\/index.php?rest_route=\/wp\/v2\/product"}],"about":[{"href":"https:\/\/mebelunams.lv\/index.php?rest_route=\/wp\/v2\/types\/product"}],"wp:featuredmedia":[{"embeddable":true,"href":"https:\/\/mebelunams.lv\/index.php?rest_route=\/wp\/v2\/media\/6614"}],"wp:attachment":[{"href":"https:\/\/mebelunams.lv\/index.php?rest_route=%2Fwp%2Fv2%2Fmedia&parent=1859"}],"wp:term":[{"taxonomy":"product_cat","embeddable":true,"href":"https:\/\/mebelunams.lv\/index.php?rest_route=%2Fwp%2Fv2%2Fproduct_cat&post=1859"},{"taxonomy":"product_tag","embeddable":true,"href":"https:\/\/mebelunams.lv\/index.php?rest_route=%2Fwp%2Fv2%2Fproduct_tag&post=1859"}],"curies":[{"name":"wp","href":"https:\/\/api.w.org\/{rel}","templated":true}]}}