{"id":18563,"date":"2025-04-21T15:07:02","date_gmt":"2025-04-21T13:07:02","guid":{"rendered":"https:\/\/mebelunams.lv\/?post_type=product&#038;p=18563"},"modified":"2025-12-08T11:49:15","modified_gmt":"2025-12-08T09:49:15","slug":"tahta-juta","status":"publish","type":"product","link":"https:\/\/mebelunams.lv\/?product=tahta-juta","title":{"rendered":"tahta Dobele"},"content":{"rendered":"","protected":false},"excerpt":{"rendered":"<p><strong>Platums<\/strong>: 95 cm<\/p>\n<p><strong> Dzi\u013cums<\/strong>: 217 cm<\/p>\n<p><strong>Augstums<\/strong>: 45 cm<\/p>\n<p><strong>Gu\u013cam\u0101 plat\u012bba<\/strong>: 90 X 197 cm<\/p>\n<p>Pieejama pla\u0161a audumu un kr\u0101su izv\u0113le.<\/p>\n","protected":false},"featured_media":18570,"template":"","meta":{"neve_meta_sidebar":"","neve_meta_container":"","neve_meta_enable_content_width":"off","neve_meta_content_width":70,"neve_meta_title_alignment":"","neve_meta_author_avatar":"","neve_post_elements_order":"","neve_meta_disable_header":"","neve_meta_disable_footer":"","neve_meta_disable_title":""},"product_cat":[59],"product_tag":[],"_links":{"self":[{"href":"https:\/\/mebelunams.lv\/index.php?rest_route=\/wp\/v2\/product\/18563"}],"collection":[{"href":"https:\/\/mebelunams.lv\/index.php?rest_route=\/wp\/v2\/product"}],"about":[{"href":"https:\/\/mebelunams.lv\/index.php?rest_route=\/wp\/v2\/types\/product"}],"wp:featuredmedia":[{"embeddable":true,"href":"https:\/\/mebelunams.lv\/index.php?rest_route=\/wp\/v2\/media\/18570"}],"wp:attachment":[{"href":"https:\/\/mebelunams.lv\/index.php?rest_route=%2Fwp%2Fv2%2Fmedia&parent=18563"}],"wp:term":[{"taxonomy":"product_cat","embeddable":true,"href":"https:\/\/mebelunams.lv\/index.php?rest_route=%2Fwp%2Fv2%2Fproduct_cat&post=18563"},{"taxonomy":"product_tag","embeddable":true,"href":"https:\/\/mebelunams.lv\/index.php?rest_route=%2Fwp%2Fv2%2Fproduct_tag&post=18563"}],"curies":[{"name":"wp","href":"https:\/\/api.w.org\/{rel}","templated":true}]}}