{"id":18541,"date":"2025-04-21T14:51:34","date_gmt":"2025-04-21T12:51:34","guid":{"rendered":"https:\/\/mebelunams.lv\/?post_type=product&#038;p=18541"},"modified":"2025-12-08T13:11:01","modified_gmt":"2025-12-08T11:11:01","slug":"divans-sonata","status":"publish","type":"product","link":"https:\/\/mebelunams.lv\/?product=divans-sonata","title":{"rendered":"d\u012bv\u0101ns DAGDA"},"content":{"rendered":"","protected":false},"excerpt":{"rendered":"<div>\n<div><strong>Augstums<\/strong>: 42 cm<\/div>\n<div><strong>Platums<\/strong>: 195 cm<\/div>\n<div><strong>Dzi\u013cums<\/strong>: 95 cm<\/div>\n<div><strong>Gu\u013cam\u0101 plat\u012bba<\/strong>: 190 x 120 cm<\/div>\n<div><b>Materi\u0101ls pieejams da\u017e\u0101d\u0101s kr\u0101s\u0101s. Atkar\u012bb\u0101 no izv\u0113l\u0113t\u0101 auduma kategorijas cena var main\u012bties.<\/b><\/div>\n<p>&nbsp;<\/p>\n<p>&nbsp;<\/p>\n<p>&nbsp;<\/p>\n<\/div>\n","protected":false},"featured_media":18543,"template":"","meta":{"neve_meta_sidebar":"","neve_meta_container":"","neve_meta_enable_content_width":"off","neve_meta_content_width":100,"neve_meta_title_alignment":"","neve_meta_author_avatar":"","neve_post_elements_order":"","neve_meta_disable_header":"","neve_meta_disable_footer":"","neve_meta_disable_title":""},"product_cat":[57],"product_tag":[],"_links":{"self":[{"href":"https:\/\/mebelunams.lv\/index.php?rest_route=\/wp\/v2\/product\/18541"}],"collection":[{"href":"https:\/\/mebelunams.lv\/index.php?rest_route=\/wp\/v2\/product"}],"about":[{"href":"https:\/\/mebelunams.lv\/index.php?rest_route=\/wp\/v2\/types\/product"}],"wp:featuredmedia":[{"embeddable":true,"href":"https:\/\/mebelunams.lv\/index.php?rest_route=\/wp\/v2\/media\/18543"}],"wp:attachment":[{"href":"https:\/\/mebelunams.lv\/index.php?rest_route=%2Fwp%2Fv2%2Fmedia&parent=18541"}],"wp:term":[{"taxonomy":"product_cat","embeddable":true,"href":"https:\/\/mebelunams.lv\/index.php?rest_route=%2Fwp%2Fv2%2Fproduct_cat&post=18541"},{"taxonomy":"product_tag","embeddable":true,"href":"https:\/\/mebelunams.lv\/index.php?rest_route=%2Fwp%2Fv2%2Fproduct_tag&post=18541"}],"curies":[{"name":"wp","href":"https:\/\/api.w.org\/{rel}","templated":true}]}}