{"id":1852,"date":"2020-10-17T12:15:53","date_gmt":"2020-10-17T10:15:53","guid":{"rendered":"https:\/\/mebelunams.lv\/?post_type=product&#038;p=1852"},"modified":"2023-01-28T16:11:07","modified_gmt":"2023-01-28T14:11:07","slug":"naktsskapitis-ritz-166","status":"publish","type":"product","link":"https:\/\/mebelunams.lv\/?product=naktsskapitis-ritz-166","title":{"rendered":"naktsskap\u012btis Ritz 166"},"content":{"rendered":"","protected":false},"excerpt":{"rendered":"<p><strong>\u2192 (garums)<\/strong> : 65 cm<\/p>\n<p><strong>\u2191 (augstums)<\/strong> : 50,7 cm<\/p>\n<p><strong>\/ (dzi\u013cums)<\/strong> : 48,7 cm<\/p>\n<p><strong>B\u0113rza koka naktsskap\u012btis.<\/strong><\/p>\n<p><strong>Var pas\u016bt\u012bt da\u017e\u0101d\u0101s kr\u0101s\u0101s.<\/strong><\/p>\n","protected":false},"featured_media":6625,"template":"","meta":{"neve_meta_sidebar":"","neve_meta_container":"","neve_meta_enable_content_width":"off","neve_meta_content_width":70,"neve_meta_title_alignment":"","neve_meta_author_avatar":"","neve_post_elements_order":"","neve_meta_disable_header":"","neve_meta_disable_footer":"","neve_meta_disable_title":""},"product_cat":[88,91],"product_tag":[],"_links":{"self":[{"href":"https:\/\/mebelunams.lv\/index.php?rest_route=\/wp\/v2\/product\/1852"}],"collection":[{"href":"https:\/\/mebelunams.lv\/index.php?rest_route=\/wp\/v2\/product"}],"about":[{"href":"https:\/\/mebelunams.lv\/index.php?rest_route=\/wp\/v2\/types\/product"}],"wp:featuredmedia":[{"embeddable":true,"href":"https:\/\/mebelunams.lv\/index.php?rest_route=\/wp\/v2\/media\/6625"}],"wp:attachment":[{"href":"https:\/\/mebelunams.lv\/index.php?rest_route=%2Fwp%2Fv2%2Fmedia&parent=1852"}],"wp:term":[{"taxonomy":"product_cat","embeddable":true,"href":"https:\/\/mebelunams.lv\/index.php?rest_route=%2Fwp%2Fv2%2Fproduct_cat&post=1852"},{"taxonomy":"product_tag","embeddable":true,"href":"https:\/\/mebelunams.lv\/index.php?rest_route=%2Fwp%2Fv2%2Fproduct_tag&post=1852"}],"curies":[{"name":"wp","href":"https:\/\/api.w.org\/{rel}","templated":true}]}}