{"id":18512,"date":"2025-03-15T18:46:55","date_gmt":"2025-03-15T16:46:55","guid":{"rendered":"https:\/\/mebelunams.lv\/?post_type=product&#038;p=18512"},"modified":"2025-11-07T15:55:37","modified_gmt":"2025-11-07T13:55:37","slug":"divans-montana-xl","status":"publish","type":"product","link":"https:\/\/mebelunams.lv\/?product=divans-montana-xl","title":{"rendered":"d\u012bv\u0101ns Montana XL"},"content":{"rendered":"","protected":false},"excerpt":{"rendered":"<div>\n<div>\n<div><strong>Augstums<\/strong>: 82 cm<\/div>\n<div><strong>Platums<\/strong>: 350 cm<\/div>\n<div><strong>Dzi\u013cums<\/strong>: 220-180 cm<\/div>\n<div><strong>S\u0113dvieta:<\/strong> 63 cm dzi\u013c\u0161, 47 cm augsts<\/div>\n<div><b>Materi\u0101ls pieejams da\u017e\u0101d\u0101s kr\u0101s\u0101s. Pieejams gan labais, gan kreisais st\u016bris.<\/b><\/div>\n<div><strong>Iesp\u0113ja pas\u016bt\u012bt uz 2026. gada febru\u0101ri.<\/strong><\/div>\n<div><\/div>\n<p>&nbsp;<\/p>\n<p>&nbsp;<\/p>\n<p>&nbsp;<\/p>\n<\/div>\n<\/div>\n","protected":false},"featured_media":18516,"template":"","meta":{"neve_meta_sidebar":"","neve_meta_container":"","neve_meta_enable_content_width":"off","neve_meta_content_width":100,"neve_meta_title_alignment":"","neve_meta_author_avatar":"","neve_post_elements_order":"","neve_meta_disable_header":"","neve_meta_disable_footer":"","neve_meta_disable_title":""},"product_cat":[57,58],"product_tag":[],"_links":{"self":[{"href":"https:\/\/mebelunams.lv\/index.php?rest_route=\/wp\/v2\/product\/18512"}],"collection":[{"href":"https:\/\/mebelunams.lv\/index.php?rest_route=\/wp\/v2\/product"}],"about":[{"href":"https:\/\/mebelunams.lv\/index.php?rest_route=\/wp\/v2\/types\/product"}],"wp:featuredmedia":[{"embeddable":true,"href":"https:\/\/mebelunams.lv\/index.php?rest_route=\/wp\/v2\/media\/18516"}],"wp:attachment":[{"href":"https:\/\/mebelunams.lv\/index.php?rest_route=%2Fwp%2Fv2%2Fmedia&parent=18512"}],"wp:term":[{"taxonomy":"product_cat","embeddable":true,"href":"https:\/\/mebelunams.lv\/index.php?rest_route=%2Fwp%2Fv2%2Fproduct_cat&post=18512"},{"taxonomy":"product_tag","embeddable":true,"href":"https:\/\/mebelunams.lv\/index.php?rest_route=%2Fwp%2Fv2%2Fproduct_tag&post=18512"}],"curies":[{"name":"wp","href":"https:\/\/api.w.org\/{rel}","templated":true}]}}